{"id":18,"date":"2016-12-13T09:16:12","date_gmt":"2016-12-13T09:16:12","guid":{"rendered":"http:\/\/localhost\/wordpress\/?page_id=18"},"modified":"2017-01-06T10:56:53","modified_gmt":"2017-01-06T08:56:53","slug":"contact","status":"publish","type":"page","link":"https:\/\/fungi.ro\/en\/contact\/","title":{"rendered":"Contact"},"content":{"rendered":"\n\t\t\t<div class=\"ccf-form-wrapper form-id-99\" data-form-id=\"99\">\n\t\t\t\t<form  class=\"ccf-form ccf-theme-dark\" method=\"post\" action=\"?v=1776305682\" data-form-id=\"99\">\n\n\t\t\t\t\t\n\t\t\t\t\t\n\t\t\t\t\t\n\t\t<div data-field-type=\"single-line-text\" data-field-slug=\"single-line-text-1\" class=\"form-group  field single-line-text-1 field-type-single-line-text field-1406 form-group forminp  field-required\">\n\t\t\t<label class=\"main-label\" for=\"ccf_field_single-line-text-1\">\n\t\t\t\t<span class=\"required\">*<\/span>\t\t\t\t\t\t\t<\/label>\n\t\t\t<input class=\"form-control  field-input\" required aria-required=\"true\" type=\"text\" name=\"ccf_field_single-line-text-1\" id=\"ccf_field_single-line-text-1\" placeholder=\"Nume *\" value=\"\">\n\n\t\t\t\n\t\t\t\t\t<\/div>\n\n\t\t\n\t\t<div data-field-type=\"email\" data-field-slug=\"email-2\" class=\"form-group  field email-2 field-type-email field-1407 form-group forminp  field-required\">\n\t\t\t<label class=\"main-label\" for=\"ccf_field_email-2\">\n\t\t\t\t<span class=\"required\">*<\/span>\t\t\t\t\t\t\t<\/label>\n\t\t\t\t\t\t\t<input class=\"form-control  field-input\" required aria-required=\"true\" name=\"ccf_field_email-2\" id=\"ccf_field_email-2\"  placeholder=\"Adresa e-mail *\" type=\"text\" value=\"\">\n\t\t\t\t\t\t\t\n\t\t\t\t\t<\/div>\n\n\t\t\n\t\t<div data-phone-format=\"international\" data-field-slug=\"phone-3\" data-field-type=\"phone\" class=\"form-group  field phone-3 field-type-phone field-1408 form-group forminp  field-required\">\n\t\t\t<label class=\"main-label\" for=\"ccf_field_phone-3\">\n\t\t\t\t<span class=\"required\">*<\/span>\t\t\t\t\t\t\t<\/label>\n\t\t\t<input class=\"form-control  field-input\" required aria-required=\"true\" type=\"text\" name=\"ccf_field_phone-3\" id=\"ccf_field_phone-3\" placeholder=\"Numar telefon *\" value=\"\">\n\n\t\t\t\n\t\t\t\t\t<\/div>\n\n\t\t\n\t\t<div data-field-type=\"paragraph-text\" data-field-slug=\"paragraph-text-4\" class=\"form-group  field paragraph-text-4 field-type-paragraph-text field-1409  \">\n\t\t\t<label class=\"main-label\" for=\"ccf_field_paragraph-text-4\">\n\t\t\t\t\t\t\t\t\t\t\t<\/label>\n\t\t\t<textarea class=\"form-control  field-input\"  name=\"ccf_field_paragraph-text-4\" id=\"ccf_field_paragraph-text-4\" placeholder=\"Mesajul dvs\"><\/textarea>\n\n\t\t\t\n\t\t\t\t\t<\/div>\n\n\t\t\n\t\t\t\t\t<div class=\"form-submit form-b\">\n\t\t\t\t\t\t<input type=\"submit\" class=\"btn btn-primary ccf-submit-button\" value=\"Contacteaza-ne\">\n\t\t\t\t\t\t<img class=\"loading-img\" src=\"https:\/\/fungi.ro\/wp-admin\/images\/wpspin_light.gif\">\n\t\t\t\t\t<\/div>\n\n\t\t\t\t\t<script type=\"text\/javascript\">\n\t\t\t\t\twindow.wp = window.wp || {};\n\t\t\t\t\twp.ccf = wp.ccf || {};\n\t\t\t\t\twp.ccf.conditionals = wp.ccf.conditionals || [];\n\t\t\t\t\twp.ccf.conditionals[99] = [];\n\t\t\t\t\t<\/script>\n\n\t\t\t\t\t<input type=\"hidden\" name=\"form_id\" value=\"99\">\n\t\t\t\t\t<input type=\"hidden\" name=\"form_page\" value=\"https:\/\/fungi.ro\/en\/wp-json\/wp\/v2\/pages\/18\">\n\t\t\t\t\t<input type=\"text\" name=\"my_information\" style=\"display: none;\">\n\t\t\t\t\t<input type=\"hidden\"  name=\"ccf_form\" value=\"1\">\n\t\t\t\t\t<input type=\"hidden\" name=\"form_nonce\" value=\"3603c90339\">\n\t\t\t\t<\/form>\n\n\t\t\t\t<iframe class=\"ccf-form-frame\" id=\"ccf_form_frame_99\" name=\"ccf_form_frame_99\"><\/iframe>\n\t\t\t<\/div>\n\n\t\t\t\n","protected":false},"excerpt":{"rendered":"","protected":false},"author":1,"featured_media":212,"parent":0,"menu_order":0,"comment_status":"closed","ping_status":"closed","template":"","meta":[],"yoast_head":"<!-- This site is optimized with the Yoast SEO plugin v17.8 - https:\/\/yoast.com\/wordpress\/plugins\/seo\/ -->\n<title>Contact - Fungi.ro<\/title>\n<meta name=\"robots\" content=\"index, follow, max-snippet:-1, max-image-preview:large, max-video-preview:-1\" \/>\n<link rel=\"canonical\" href=\"https:\/\/fungi.ro\/ro\/contact\/\" \/>\n<meta property=\"og:locale\" content=\"en_US\" \/>\n<meta property=\"og:type\" content=\"article\" \/>\n<meta property=\"og:title\" content=\"Contact - Fungi.ro\" \/>\n<meta property=\"og:url\" content=\"https:\/\/fungi.ro\/ro\/contact\/\" \/>\n<meta property=\"og:site_name\" content=\"Fungi.ro\" \/>\n<meta property=\"article:modified_time\" content=\"2017-01-06T08:56:53+00:00\" \/>\n<meta property=\"og:image\" content=\"https:\/\/fungi.ro\/wp-content\/uploads\/2016\/12\/contact.jpg\" \/>\n\t<meta property=\"og:image:width\" content=\"1650\" \/>\n\t<meta property=\"og:image:height\" content=\"550\" \/>\n<meta name=\"twitter:card\" content=\"summary\" \/>\n<script type=\"application\/ld+json\" class=\"yoast-schema-graph\">{\"@context\":\"https:\/\/schema.org\",\"@graph\":[{\"@type\":\"WebSite\",\"@id\":\"https:\/\/fungi.ro\/ro\/#website\",\"url\":\"https:\/\/fungi.ro\/ro\/\",\"name\":\"Fungi.ro\",\"description\":\"Societatea Rom\\u00e2n\\u0103 de Micologie Medical\\u0103 \\u0219i Micotoxicologie\",\"potentialAction\":[{\"@type\":\"SearchAction\",\"target\":{\"@type\":\"EntryPoint\",\"urlTemplate\":\"https:\/\/fungi.ro\/ro\/?s={search_term_string}\"},\"query-input\":\"required name=search_term_string\"}],\"inLanguage\":\"\"},{\"@type\":\"ImageObject\",\"@id\":\"https:\/\/fungi.ro\/ro\/contact\/#primaryimage\",\"inLanguage\":\"\",\"url\":\"https:\/\/fungi.ro\/wp-content\/uploads\/2016\/12\/contact.jpg\",\"contentUrl\":\"https:\/\/fungi.ro\/wp-content\/uploads\/2016\/12\/contact.jpg\",\"width\":1650,\"height\":550},{\"@type\":\"WebPage\",\"@id\":\"https:\/\/fungi.ro\/ro\/contact\/#webpage\",\"url\":\"https:\/\/fungi.ro\/ro\/contact\/\",\"name\":\"Contact - Fungi.ro\",\"isPartOf\":{\"@id\":\"https:\/\/fungi.ro\/ro\/#website\"},\"primaryImageOfPage\":{\"@id\":\"https:\/\/fungi.ro\/ro\/contact\/#primaryimage\"},\"datePublished\":\"2016-12-13T09:16:12+00:00\",\"dateModified\":\"2017-01-06T08:56:53+00:00\",\"breadcrumb\":{\"@id\":\"https:\/\/fungi.ro\/ro\/contact\/#breadcrumb\"},\"inLanguage\":\"\",\"potentialAction\":[{\"@type\":\"ReadAction\",\"target\":[\"https:\/\/fungi.ro\/ro\/contact\/\"]}]},{\"@type\":\"BreadcrumbList\",\"@id\":\"https:\/\/fungi.ro\/ro\/contact\/#breadcrumb\",\"itemListElement\":[{\"@type\":\"ListItem\",\"position\":1,\"name\":\"Home\",\"item\":\"https:\/\/fungi.ro\/ro\/\"},{\"@type\":\"ListItem\",\"position\":2,\"name\":\"Contact\"}]}]}<\/script>\n<!-- \/ Yoast SEO plugin. -->","yoast_head_json":{"title":"Contact - Fungi.ro","robots":{"index":"index","follow":"follow","max-snippet":"max-snippet:-1","max-image-preview":"max-image-preview:large","max-video-preview":"max-video-preview:-1"},"canonical":"https:\/\/fungi.ro\/ro\/contact\/","og_locale":"en_US","og_type":"article","og_title":"Contact - Fungi.ro","og_url":"https:\/\/fungi.ro\/ro\/contact\/","og_site_name":"Fungi.ro","article_modified_time":"2017-01-06T08:56:53+00:00","og_image":[{"width":1650,"height":550,"url":"https:\/\/fungi.ro\/wp-content\/uploads\/2016\/12\/contact.jpg","type":"image\/jpeg"}],"twitter_card":"summary","schema":{"@context":"https:\/\/schema.org","@graph":[{"@type":"WebSite","@id":"https:\/\/fungi.ro\/ro\/#website","url":"https:\/\/fungi.ro\/ro\/","name":"Fungi.ro","description":"Societatea Rom\u00e2n\u0103 de Micologie Medical\u0103 \u0219i Micotoxicologie","potentialAction":[{"@type":"SearchAction","target":{"@type":"EntryPoint","urlTemplate":"https:\/\/fungi.ro\/ro\/?s={search_term_string}"},"query-input":"required name=search_term_string"}],"inLanguage":""},{"@type":"ImageObject","@id":"https:\/\/fungi.ro\/ro\/contact\/#primaryimage","inLanguage":"","url":"https:\/\/fungi.ro\/wp-content\/uploads\/2016\/12\/contact.jpg","contentUrl":"https:\/\/fungi.ro\/wp-content\/uploads\/2016\/12\/contact.jpg","width":1650,"height":550},{"@type":"WebPage","@id":"https:\/\/fungi.ro\/ro\/contact\/#webpage","url":"https:\/\/fungi.ro\/ro\/contact\/","name":"Contact - Fungi.ro","isPartOf":{"@id":"https:\/\/fungi.ro\/ro\/#website"},"primaryImageOfPage":{"@id":"https:\/\/fungi.ro\/ro\/contact\/#primaryimage"},"datePublished":"2016-12-13T09:16:12+00:00","dateModified":"2017-01-06T08:56:53+00:00","breadcrumb":{"@id":"https:\/\/fungi.ro\/ro\/contact\/#breadcrumb"},"inLanguage":"","potentialAction":[{"@type":"ReadAction","target":["https:\/\/fungi.ro\/ro\/contact\/"]}]},{"@type":"BreadcrumbList","@id":"https:\/\/fungi.ro\/ro\/contact\/#breadcrumb","itemListElement":[{"@type":"ListItem","position":1,"name":"Home","item":"https:\/\/fungi.ro\/ro\/"},{"@type":"ListItem","position":2,"name":"Contact"}]}]}},"_links":{"self":[{"href":"https:\/\/fungi.ro\/en\/wp-json\/wp\/v2\/pages\/18"}],"collection":[{"href":"https:\/\/fungi.ro\/en\/wp-json\/wp\/v2\/pages"}],"about":[{"href":"https:\/\/fungi.ro\/en\/wp-json\/wp\/v2\/types\/page"}],"author":[{"embeddable":true,"href":"https:\/\/fungi.ro\/en\/wp-json\/wp\/v2\/users\/1"}],"replies":[{"embeddable":true,"href":"https:\/\/fungi.ro\/en\/wp-json\/wp\/v2\/comments?post=18"}],"version-history":[{"count":10,"href":"https:\/\/fungi.ro\/en\/wp-json\/wp\/v2\/pages\/18\/revisions"}],"predecessor-version":[{"id":1169,"href":"https:\/\/fungi.ro\/en\/wp-json\/wp\/v2\/pages\/18\/revisions\/1169"}],"wp:featuredmedia":[{"embeddable":true,"href":"https:\/\/fungi.ro\/en\/wp-json\/wp\/v2\/media\/212"}],"wp:attachment":[{"href":"https:\/\/fungi.ro\/en\/wp-json\/wp\/v2\/media?parent=18"}],"curies":[{"name":"wp","href":"https:\/\/api.w.org\/{rel}","templated":true}]}}