{"id":36,"date":"2016-12-13T09:43:31","date_gmt":"2016-12-13T09:43:31","guid":{"rendered":"http:\/\/localhost\/wordpress\/?page_id=36"},"modified":"2017-04-11T10:44:57","modified_gmt":"2017-04-11T08:44:57","slug":"despre-noi","status":"publish","type":"page","link":"https:\/\/fungi.ro\/en\/about-us\/","title":{"rendered":"Despre noi"},"content":{"rendered":"<div class=\"col-md-12 col-sm-12\">\n<div class=\"center\">\n<h4>Concept<\/h4>\n<div class=\"obiective\">\n<h3>Noi exist\u0103m pentru c\u0103:<\/h3>\n<ul>\n<li>Ultimele decenii au adus ample modific\u0103ri \u00een patologia infec\u021bioas\u0103, microorganismele oportuniste \u2013 fungii \u00een special, fiind implicate din ce \u00een ce mai frecvent \u00een infec\u021bii cu gravitate cresc\u00e2nd\u0103;<\/li>\n<li>\u00cen Rom\u00e2nia se semnaleaz\u0103 o discrepan\u021b\u0103 flagrant\u0103 \u00eentre trendul ascendent al micozelor de orice fel \u0219i capacitatea de gestionare integrat\u0103 a acestora. Multe laboratoare sunt \u00eenc\u0103 incapabile s\u0103 diagnostice o infec\u021bie fungic\u0103 p\u00e2n\u0103 la stadiul de ini\u021biere a unei terapii etiotrope de prim\u0103 inten\u021bie;<\/li>\n<li>Formarea speciali\u0219tilor micologi este sporadic\u0103 \u0219i insuficient organizat\u0103, iar etiologia fungic\u0103 a unor entit\u0103\u021bi morbide rar este suspectat\u0103 per primam; Sursele bibliografice rom\u00e2ne\u0219ti sunt s\u0103race \u00een studii de micologie clinic\u0103 at\u00e2t de necesare pentru \u00een\u021belegerea tendin\u021bei de augmentare a inciden\u021bei infec\u021biilor fungice, \u00een contextul clinic general;<\/li>\n<li>Nu se cunoa\u0219te cu exactitate spectrul etiologic al micozelor care survin la pacien\u021bii din zona noastr\u0103 geografic\u0103 \u0219i nu exist\u0103 date privind profilul de rezisten\u021b\u0103 la antifungice al tulpinilor circulante implicate;<\/li>\n<li>\u0218i nu \u00een ultimul r\u00e2nd, pentru c\u0103, de\u0219i \u00een medicin\u0103 ne-am obi\u0219nuit s\u0103 reflect\u0103m totul prin rapoarte, procente, statistici, nu trebuie s\u0103 ignor\u0103m esen\u021bialul \u2013 faptul c\u0103 \u00een spatele acestor cifre se afl\u0103 suferin\u021ba uman\u0103 a c\u0103rei ameliorare justific\u0103 orice efort.<\/li>\n<\/ul>\n<\/div>\n<\/div>\n<\/div>\n<div class=\"col-md-12 col-sm-12\">\n<div class=\"center\">\n<h4>Obiective<\/h4>\n<div class=\"obiective\">\n<ul>\n<li>Popularizarea micologiei medicale \u0219i a micotoxicologiei \u00een domeniul medical \u0219i farmaceutic;<\/li>\n<li>Instruirea continu\u0103 a speciali\u0219tilor din domeniul medical \u00een vederea \u00eembun\u0103t\u0103\u021birii performan\u021belor de diagnostic \u0219i terapie a afec\u021biunilor fungo-dependente;<\/li>\n<li>Promovarea unei abord\u0103ri interdisciplinare \u00een managementul pacientului cu risc pentru afec\u021biunile fungice;<\/li>\n<li>\u00cenfiin\u021barea primului centru na\u021bional de referin\u021b\u0103 pentru micologie \u0219i antifungice;<\/li>\n<li>Stabilirea unor standarde na\u021bionale pentru diagnosticul \u0219i terapia infec\u021biilor fungice;<\/li>\n<li>Afilierea la organisme interna\u021bionale de profil \u00een vederea alinierii la tendin\u021bele mondiale;<\/li>\n<li>\u00cenfiin\u021barea grupurilor de studiu, destinate evalu\u0103rii unor aspecte clinice, paraclinice \u0219i terapeutice pe plan na\u021bional;<\/li>\n<li>Con\u0219tientizarea opiniei publice \u00een leg\u0103tur\u0103 cu riscul reprezentat de fungi \u0219i metaboli\u021bii lor toxici.<\/li>\n<\/ul>\n<\/div>\n<\/div>\n<\/div>\n<div class=\"col-md-12 col-sm-12\">\n<div class=\"center\">\n<h4>Statut<\/h4>\n<p><a href=\"http:\/\/fungi.ro\/wp-content\/uploads\/2013\/01\/Statut-SRMMM.pdf\"><img src=\"http:\/\/fungi.ro\/wp-content\/uploads\/2016\/12\/pdf.png\" \/><\/a><\/p>\n<h5>STATUT SRMM<\/h5>\n<\/div>\n<\/div>\n<div class=\"clear\"><\/div>\n<h4>Realizari<\/h4>\n<div class=\"col-md-8 col-sm-8\">\n<ul>\n<li>Fondat\u0103 \u00een 2006 de Mihai Mare\u0219, dup\u0103 absolvirea cursului de \u00a0Micologie Medical\u0103 la Institutul Pasteur din Paris<\/li>\n<li>Patru conferin\u021be na\u021bionale: 1CNMM (Cluj-Napoca, 2008), 2CNMM (Ia\u0219i, 2010), 3CNMM (Sibiu, 2013), 4CNMM (Bucure\u0219ti, 2016)<\/li>\n<li>Dou\u0103 cursuri educa\u021bionale postuniversitare europene \u00een colaborare cu ESCMID (Cluj-Napoca 2011 and Sibiu 2013)<\/li>\n<li>Opt cursuri EMC \u00een \u021bar\u0103: Cluj-Napoca (2008), Ia\u0219i (2010, 2016), T\u00e2rgu Mure\u0219 (2011, 2012, 2013, 2014), Bucure\u0219ti (2014)<\/li>\n<\/ul>\n<\/div>\n<div class=\"col-md-4 col-sm-8\">\n<div class=\"col-md-6 col-sm-8\"><img loading=\"lazy\" class=\"alignnone size-medium wp-image-428\" src=\"http:\/\/fungi.ro\/wp-content\/uploads\/2016\/12\/book1-168x300.png\" alt=\"\" width=\"168\" height=\"300\" srcset=\"https:\/\/fungi.ro\/wp-content\/uploads\/2016\/12\/book1-168x300.png 168w, https:\/\/fungi.ro\/wp-content\/uploads\/2016\/12\/book1-350x625.png 350w, https:\/\/fungi.ro\/wp-content\/uploads\/2016\/12\/book1.png 478w\" sizes=\"(max-width: 168px) 100vw, 168px\" \/><\/div>\n<div class=\"col-md-6 col-sm-8\"><img loading=\"lazy\" class=\"alignnone size-medium wp-image-429\" src=\"http:\/\/fungi.ro\/wp-content\/uploads\/2016\/12\/book2-173x300.png\" alt=\"\" width=\"173\" height=\"300\" srcset=\"https:\/\/fungi.ro\/wp-content\/uploads\/2016\/12\/book2-173x300.png 173w, https:\/\/fungi.ro\/wp-content\/uploads\/2016\/12\/book2-350x606.png 350w, https:\/\/fungi.ro\/wp-content\/uploads\/2016\/12\/book2.png 502w\" sizes=\"(max-width: 173px) 100vw, 173px\" \/><\/div>\n<\/div>\n<div class=\"clear\"><\/div>\n<div class=\"col-md-4 col-sm-8\">\n<div class=\"col-md-6 col-sm-8\"><img loading=\"lazy\" class=\"alignnone size-medium wp-image-438\" src=\"http:\/\/fungi.ro\/wp-content\/uploads\/2016\/12\/logo1ab-300x135.png\" alt=\"\" width=\"300\" height=\"135\" srcset=\"https:\/\/fungi.ro\/wp-content\/uploads\/2016\/12\/logo1ab-300x135.png 300w, https:\/\/fungi.ro\/wp-content\/uploads\/2016\/12\/logo1ab-350x158.png 350w, https:\/\/fungi.ro\/wp-content\/uploads\/2016\/12\/logo1ab-768x346.png 768w, https:\/\/fungi.ro\/wp-content\/uploads\/2016\/12\/logo1ab.png 865w\" sizes=\"(max-width: 300px) 100vw, 300px\" \/><\/div>\n<div class=\"col-md-4 col-sm-8\"><img loading=\"lazy\" class=\"alignnone size-medium wp-image-439\" src=\"http:\/\/fungi.ro\/wp-content\/uploads\/2016\/12\/logo2ab-300x300.png\" alt=\"\" width=\"300\" height=\"300\" srcset=\"https:\/\/fungi.ro\/wp-content\/uploads\/2016\/12\/logo2ab-300x300.png 300w, https:\/\/fungi.ro\/wp-content\/uploads\/2016\/12\/logo2ab-250x250.png 250w, https:\/\/fungi.ro\/wp-content\/uploads\/2016\/12\/logo2ab-100x100.png 100w, https:\/\/fungi.ro\/wp-content\/uploads\/2016\/12\/logo2ab-350x349.png 350w, https:\/\/fungi.ro\/wp-content\/uploads\/2016\/12\/logo2ab-150x150.png 150w, https:\/\/fungi.ro\/wp-content\/uploads\/2016\/12\/logo2ab.png 398w\" sizes=\"(max-width: 300px) 100vw, 300px\" \/><\/div>\n<div class=\"clear\"><\/div>\n<div class=\"col-md-6 col-sm-8\"><img loading=\"lazy\" class=\"alignnone size-medium wp-image-441\" src=\"http:\/\/fungi.ro\/wp-content\/uploads\/2016\/12\/logo3ab-300x158.png\" alt=\"\" width=\"300\" height=\"158\" srcset=\"https:\/\/fungi.ro\/wp-content\/uploads\/2016\/12\/logo3ab-300x158.png 300w, https:\/\/fungi.ro\/wp-content\/uploads\/2016\/12\/logo3ab-350x184.png 350w, https:\/\/fungi.ro\/wp-content\/uploads\/2016\/12\/logo3ab-768x404.png 768w, https:\/\/fungi.ro\/wp-content\/uploads\/2016\/12\/logo3ab.png 827w\" sizes=\"(max-width: 300px) 100vw, 300px\" \/><\/div>\n<div class=\"col-md-6 col-sm-8\"><img loading=\"lazy\" class=\"alignnone size-medium wp-image-442\" src=\"http:\/\/fungi.ro\/wp-content\/uploads\/2016\/12\/logo4ab-300x142.png\" alt=\"\" width=\"300\" height=\"142\" srcset=\"https:\/\/fungi.ro\/wp-content\/uploads\/2016\/12\/logo4ab-300x142.png 300w, https:\/\/fungi.ro\/wp-content\/uploads\/2016\/12\/logo4ab-350x166.png 350w, https:\/\/fungi.ro\/wp-content\/uploads\/2016\/12\/logo4ab-768x364.png 768w, https:\/\/fungi.ro\/wp-content\/uploads\/2016\/12\/logo4ab.png 896w\" sizes=\"(max-width: 300px) 100vw, 300px\" \/><\/p>\n<div class=\"clear\"><\/div>\n<\/div>\n<\/div>\n<div class=\"col-md-8 col-sm-8\">\n<ul>\n<li>Cooperare cu Global Action Fund for Fungal Infections (GAFFI)<\/li>\n<li>Contribu\u021bii la Fungiscope Registry \u0219i Zygomyco.net<\/li>\n<li>Aderare la Leading International Fungal Education (LIFE)<\/li>\n<li>Implicare \u00een activit\u0103\u021bile EUCAST Antifungal Susceptibility Testing Subcommittee<\/li>\n<\/ul>\n<\/div>\n<div class=\"clear\"><\/div>\n<div class=\"col-md-3 col-sm-8\"><img loading=\"lazy\" class=\"alignnone size-medium wp-image-451\" src=\"http:\/\/fungi.ro\/wp-content\/uploads\/2016\/12\/graphic1ab-232x300.png\" alt=\"\" width=\"232\" height=\"300\" srcset=\"https:\/\/fungi.ro\/wp-content\/uploads\/2016\/12\/graphic1ab-232x300.png 232w, https:\/\/fungi.ro\/wp-content\/uploads\/2016\/12\/graphic1ab-350x453.png 350w, https:\/\/fungi.ro\/wp-content\/uploads\/2016\/12\/graphic1ab.png 740w\" sizes=\"(max-width: 232px) 100vw, 232px\" \/><\/div>\n<div class=\"col-md-9 col-sm-8\">\n<ul>\n<li>Cinci grupuri de lucru la nivel na\u021bional (antifungice, infec\u021bii fungice rare, micotoxine, fungemii, Aspergillus \u0219i rezisten\u021ba la azoli)<\/li>\n<li>Estimarea inciden\u021bei infec\u021biilor fungice serioase \u00een Romania<\/li>\n<li>Primul studiu multicentric privind infec\u021biile levurice \u00een Romania<\/li>\n<li>\u00cenfiin\u021barea Colec\u021biei Rom\u00e2ne de Culturi Tip (RTCC)<\/li>\n<li>Publicarea seriei \u201cSinteze de Micologie Medical\u0103\u201d<\/li>\n<\/ul>\n<\/div>\n","protected":false},"excerpt":{"rendered":"<p>Concept Noi exist\u0103m pentru c\u0103: Ultimele decenii au adus ample modific\u0103ri \u00een patologia infec\u021bioas\u0103, microorganismele oportuniste \u2013 fungii \u00een special, fiind implicate din ce \u00een ce mai frecvent \u00een infec\u021bii cu gravitate cresc\u00e2nd\u0103; \u00cen Rom\u00e2nia se semnaleaz\u0103 o discrepan\u021b\u0103 flagrant\u0103 \u00eentre trendul ascendent al micozelor de orice fel \u0219i capacitatea de gestionare integrat\u0103 a acestora. &hellip; <\/p>\n<p class=\"link-more\"><a href=\"https:\/\/fungi.ro\/en\/about-us\/\" class=\"more-link\">Continue reading<span class=\"screen-reader-text\"> &#8220;Despre noi&#8221;<\/span><\/a><\/p>\n","protected":false},"author":1,"featured_media":418,"parent":0,"menu_order":0,"comment_status":"closed","ping_status":"closed","template":"","meta":[],"yoast_head":"<!-- This site is optimized with the Yoast SEO plugin v17.8 - https:\/\/yoast.com\/wordpress\/plugins\/seo\/ -->\n<title>Despre Societatea Rom\u00e2n\u0103 de Micologie Medical\u0103 \u0219i Micotoxicologie | Fungi.ro<\/title>\n<meta name=\"description\" content=\"Aflati mai multe despre Societatea Rom\u00e2n\u0103 de Micologie Medical\u0103 \u0219i Micotoxicologie pe www.fungi.ro. Toate datele de prezentare sunt disponibile pe site.\" \/>\n<meta name=\"robots\" content=\"index, follow, max-snippet:-1, max-image-preview:large, max-video-preview:-1\" \/>\n<link rel=\"canonical\" href=\"https:\/\/fungi.ro\/ro\/despre-noi\/\" \/>\n<meta property=\"og:locale\" content=\"en_US\" \/>\n<meta property=\"og:type\" content=\"article\" \/>\n<meta property=\"og:title\" content=\"Despre Societatea Rom\u00e2n\u0103 de Micologie Medical\u0103 \u0219i Micotoxicologie | Fungi.ro\" \/>\n<meta property=\"og:description\" content=\"Aflati mai multe despre Societatea Rom\u00e2n\u0103 de Micologie Medical\u0103 \u0219i Micotoxicologie pe www.fungi.ro. Toate datele de prezentare sunt disponibile pe site.\" \/>\n<meta property=\"og:url\" content=\"https:\/\/fungi.ro\/ro\/despre-noi\/\" \/>\n<meta property=\"og:site_name\" content=\"Fungi.ro\" \/>\n<meta property=\"article:modified_time\" content=\"2017-04-11T08:44:57+00:00\" \/>\n<meta property=\"og:image\" content=\"https:\/\/fungi.ro\/wp-content\/uploads\/2016\/12\/About-Us-Banner.jpg\" \/>\n\t<meta property=\"og:image:width\" content=\"1920\" \/>\n\t<meta property=\"og:image:height\" content=\"434\" \/>\n<meta name=\"twitter:card\" content=\"summary\" \/>\n<meta name=\"twitter:label1\" content=\"Est. reading time\" \/>\n\t<meta name=\"twitter:data1\" content=\"2 minutes\" \/>\n<script type=\"application\/ld+json\" class=\"yoast-schema-graph\">{\"@context\":\"https:\/\/schema.org\",\"@graph\":[{\"@type\":\"WebSite\",\"@id\":\"https:\/\/fungi.ro\/ro\/#website\",\"url\":\"https:\/\/fungi.ro\/ro\/\",\"name\":\"Fungi.ro\",\"description\":\"Societatea Rom\\u00e2n\\u0103 de Micologie Medical\\u0103 \\u0219i Micotoxicologie\",\"potentialAction\":[{\"@type\":\"SearchAction\",\"target\":{\"@type\":\"EntryPoint\",\"urlTemplate\":\"https:\/\/fungi.ro\/ro\/?s={search_term_string}\"},\"query-input\":\"required name=search_term_string\"}],\"inLanguage\":\"\"},{\"@type\":\"ImageObject\",\"@id\":\"https:\/\/fungi.ro\/ro\/despre-noi\/#primaryimage\",\"inLanguage\":\"\",\"url\":\"https:\/\/fungi.ro\/wp-content\/uploads\/2016\/12\/About-Us-Banner.jpg\",\"contentUrl\":\"https:\/\/fungi.ro\/wp-content\/uploads\/2016\/12\/About-Us-Banner.jpg\",\"width\":1920,\"height\":434},{\"@type\":\"WebPage\",\"@id\":\"https:\/\/fungi.ro\/ro\/despre-noi\/#webpage\",\"url\":\"https:\/\/fungi.ro\/ro\/despre-noi\/\",\"name\":\"Despre Societatea Rom\\u00e2n\\u0103 de Micologie Medical\\u0103 \\u0219i Micotoxicologie | Fungi.ro\",\"isPartOf\":{\"@id\":\"https:\/\/fungi.ro\/ro\/#website\"},\"primaryImageOfPage\":{\"@id\":\"https:\/\/fungi.ro\/ro\/despre-noi\/#primaryimage\"},\"datePublished\":\"2016-12-13T09:43:31+00:00\",\"dateModified\":\"2017-04-11T08:44:57+00:00\",\"description\":\"Aflati mai multe despre Societatea Rom\\u00e2n\\u0103 de Micologie Medical\\u0103 \\u0219i Micotoxicologie pe www.fungi.ro. Toate datele de prezentare sunt disponibile pe site.\",\"breadcrumb\":{\"@id\":\"https:\/\/fungi.ro\/ro\/despre-noi\/#breadcrumb\"},\"inLanguage\":\"\",\"potentialAction\":[{\"@type\":\"ReadAction\",\"target\":[\"https:\/\/fungi.ro\/ro\/despre-noi\/\"]}]},{\"@type\":\"BreadcrumbList\",\"@id\":\"https:\/\/fungi.ro\/ro\/despre-noi\/#breadcrumb\",\"itemListElement\":[{\"@type\":\"ListItem\",\"position\":1,\"name\":\"Home\",\"item\":\"https:\/\/fungi.ro\/ro\/\"},{\"@type\":\"ListItem\",\"position\":2,\"name\":\"Despre noi\"}]}]}<\/script>\n<!-- \/ Yoast SEO plugin. -->","yoast_head_json":{"title":"Despre Societatea Rom\u00e2n\u0103 de Micologie Medical\u0103 \u0219i Micotoxicologie | Fungi.ro","description":"Aflati mai multe despre Societatea Rom\u00e2n\u0103 de Micologie Medical\u0103 \u0219i Micotoxicologie pe www.fungi.ro. Toate datele de prezentare sunt disponibile pe site.","robots":{"index":"index","follow":"follow","max-snippet":"max-snippet:-1","max-image-preview":"max-image-preview:large","max-video-preview":"max-video-preview:-1"},"canonical":"https:\/\/fungi.ro\/ro\/despre-noi\/","og_locale":"en_US","og_type":"article","og_title":"Despre Societatea Rom\u00e2n\u0103 de Micologie Medical\u0103 \u0219i Micotoxicologie | Fungi.ro","og_description":"Aflati mai multe despre Societatea Rom\u00e2n\u0103 de Micologie Medical\u0103 \u0219i Micotoxicologie pe www.fungi.ro. Toate datele de prezentare sunt disponibile pe site.","og_url":"https:\/\/fungi.ro\/ro\/despre-noi\/","og_site_name":"Fungi.ro","article_modified_time":"2017-04-11T08:44:57+00:00","og_image":[{"width":1920,"height":434,"url":"https:\/\/fungi.ro\/wp-content\/uploads\/2016\/12\/About-Us-Banner.jpg","type":"image\/jpeg"}],"twitter_card":"summary","twitter_misc":{"Est. reading time":"2 minutes"},"schema":{"@context":"https:\/\/schema.org","@graph":[{"@type":"WebSite","@id":"https:\/\/fungi.ro\/ro\/#website","url":"https:\/\/fungi.ro\/ro\/","name":"Fungi.ro","description":"Societatea Rom\u00e2n\u0103 de Micologie Medical\u0103 \u0219i Micotoxicologie","potentialAction":[{"@type":"SearchAction","target":{"@type":"EntryPoint","urlTemplate":"https:\/\/fungi.ro\/ro\/?s={search_term_string}"},"query-input":"required name=search_term_string"}],"inLanguage":""},{"@type":"ImageObject","@id":"https:\/\/fungi.ro\/ro\/despre-noi\/#primaryimage","inLanguage":"","url":"https:\/\/fungi.ro\/wp-content\/uploads\/2016\/12\/About-Us-Banner.jpg","contentUrl":"https:\/\/fungi.ro\/wp-content\/uploads\/2016\/12\/About-Us-Banner.jpg","width":1920,"height":434},{"@type":"WebPage","@id":"https:\/\/fungi.ro\/ro\/despre-noi\/#webpage","url":"https:\/\/fungi.ro\/ro\/despre-noi\/","name":"Despre Societatea Rom\u00e2n\u0103 de Micologie Medical\u0103 \u0219i Micotoxicologie | Fungi.ro","isPartOf":{"@id":"https:\/\/fungi.ro\/ro\/#website"},"primaryImageOfPage":{"@id":"https:\/\/fungi.ro\/ro\/despre-noi\/#primaryimage"},"datePublished":"2016-12-13T09:43:31+00:00","dateModified":"2017-04-11T08:44:57+00:00","description":"Aflati mai multe despre Societatea Rom\u00e2n\u0103 de Micologie Medical\u0103 \u0219i Micotoxicologie pe www.fungi.ro. Toate datele de prezentare sunt disponibile pe site.","breadcrumb":{"@id":"https:\/\/fungi.ro\/ro\/despre-noi\/#breadcrumb"},"inLanguage":"","potentialAction":[{"@type":"ReadAction","target":["https:\/\/fungi.ro\/ro\/despre-noi\/"]}]},{"@type":"BreadcrumbList","@id":"https:\/\/fungi.ro\/ro\/despre-noi\/#breadcrumb","itemListElement":[{"@type":"ListItem","position":1,"name":"Home","item":"https:\/\/fungi.ro\/ro\/"},{"@type":"ListItem","position":2,"name":"Despre noi"}]}]}},"_links":{"self":[{"href":"https:\/\/fungi.ro\/en\/wp-json\/wp\/v2\/pages\/36"}],"collection":[{"href":"https:\/\/fungi.ro\/en\/wp-json\/wp\/v2\/pages"}],"about":[{"href":"https:\/\/fungi.ro\/en\/wp-json\/wp\/v2\/types\/page"}],"author":[{"embeddable":true,"href":"https:\/\/fungi.ro\/en\/wp-json\/wp\/v2\/users\/1"}],"replies":[{"embeddable":true,"href":"https:\/\/fungi.ro\/en\/wp-json\/wp\/v2\/comments?post=36"}],"version-history":[{"count":59,"href":"https:\/\/fungi.ro\/en\/wp-json\/wp\/v2\/pages\/36\/revisions"}],"predecessor-version":[{"id":1563,"href":"https:\/\/fungi.ro\/en\/wp-json\/wp\/v2\/pages\/36\/revisions\/1563"}],"wp:featuredmedia":[{"embeddable":true,"href":"https:\/\/fungi.ro\/en\/wp-json\/wp\/v2\/media\/418"}],"wp:attachment":[{"href":"https:\/\/fungi.ro\/en\/wp-json\/wp\/v2\/media?parent=36"}],"curies":[{"name":"wp","href":"https:\/\/api.w.org\/{rel}","templated":true}]}}