{"id":41,"date":"2016-12-13T09:44:30","date_gmt":"2016-12-13T09:44:30","guid":{"rendered":"http:\/\/localhost\/wordpress\/?page_id=41"},"modified":"2017-03-27T14:11:26","modified_gmt":"2017-03-27T12:11:26","slug":"grupuri-de-studiu","status":"publish","type":"page","link":"https:\/\/fungi.ro\/en\/study-groups\/","title":{"rendered":"Grupuri de studiu"},"content":{"rendered":"<ul class=\"roundimages clear listpop nobglist\">\n<li class=\"col-md-3\"><a href=\"#first\"><img loading=\"lazy\" src=\"http:\/\/fungi.ro\/wp-content\/uploads\/2016\/12\/member1.jpg\" alt=\"\" width=\"200\" height=\"200\" \/><br \/>\n<\/a><\/p>\n<p class=\"over\">Antifungice<\/p>\n<\/li>\n<li class=\"col-md-3\"><a href=\"#second\"><img loading=\"lazy\" src=\"http:\/\/fungi.ro\/wp-content\/uploads\/2016\/12\/member2.jpg\" alt=\"\" width=\"200\" height=\"200\" \/><br \/>\n<\/a><\/p>\n<p class=\"over\">Fungemii<\/p>\n<\/li>\n<li class=\"col-md-3\"><a href=\"#third\"><img loading=\"lazy\" src=\"http:\/\/fungi.ro\/wp-content\/uploads\/2016\/12\/member5.jpg\" alt=\"\" width=\"200\" height=\"200\" \/><br \/>\n<\/a><\/p>\n<p class=\"over\">Aspergillus<\/p>\n<\/li>\n<li class=\"col-md-3\"><a href=\"#forth\"><img loading=\"lazy\" src=\"http:\/\/fungi.ro\/wp-content\/uploads\/2016\/12\/member3.jpg\" alt=\"\" width=\"200\" height=\"200\" \/><br \/>\n<\/a><\/p>\n<p class=\"over\">Infectii rare<\/p>\n<\/li>\n<li class=\"col-md-3\"><a href=\"#fifth\"><img loading=\"lazy\" src=\"http:\/\/fungi.ro\/wp-content\/uploads\/2016\/12\/member4.jpg\" alt=\"\" width=\"200\" height=\"200\" \/><br \/>\n<\/a><\/p>\n<p class=\"over\">Micotoxine<\/p>\n<\/li>\n<\/ul>\n<div class=\"listpopart bigl\">\n<ul id=\"first\">\n<li>\n<table class=\"table-fill\">\n<thead>\n<tr>\n<th class=\"text-left\" colspan=\"2\">Grupul de Studiu SRMMM pentru Antifungice<\/th>\n<\/tr>\n<\/thead>\n<tbody class=\"table-hover\">\n<tr>\n<th class=\"text-left\">Proiecte<\/th>\n<td class=\"text-left\">\n<ul>\n<li>EVALUAREA FARMACOLOGIC\u0102 A UNUI NOU DERIVAT TRIAZOLIC CU AC\u021aIUNE ANTIFUNGIC\u0102 \u2013 MXP 4509<\/li>\n<li>EVALUATION OF THE ANTIFUNGAL SUSCEPTIBILITY PROFILE OF YEAST ISOLATES FROM A MULTICENTRE STUDY IN ROMANIA<\/li>\n<\/ul>\n<\/td>\n<\/tr>\n<tr>\n<th class=\"text-left\">Rezultate<\/th>\n<td class=\"text-left\">\n<ul>\n<li>Mare\u015f M, N\u0103stas\u0103 V, Moraru R, Doroftei B, \u0218tefanache A \u2013 Comparative in vitro activities of fluconazole, voriconazole, and MXP-4509 against Romanian blood yeast isolates. Mycopathologia 2011, 172, 487-492.<\/li>\n<li>Marangoci N, Mare\u0219 M, Silion M, Fifere A, Varganici C, Nicolescu A, Deleanu C, Coroab\u0103 A, Pinteal\u0103 M, Simionescu BC. Inclusion complex of a new propiconazole derivative with beta-cyclodextrin: NMR, ESI-MS and preliminary pharmacologcal studies; Results in Pharma Sciences 2011, 1, 27-37.<\/li>\n<\/ul>\n<\/td>\n<\/tr>\n<\/tbody>\n<\/table>\n<\/li>\n<\/ul>\n<ul id=\"second\">\n<li>\n<table class=\"table-fill\">\n<thead>\n<tr>\n<th class=\"text-left\" colspan=\"2\">Grupul de Studiu SRMMM pentru Fungemii<\/th>\n<\/tr>\n<\/thead>\n<tbody class=\"table-hover\">\n<tr>\n<th class=\"text-left\">Proiecte<\/th>\n<td class=\"text-left\">\n<ul>\n<li>ROMANIAN FUNGEMIA SURVEILLANCE STUDY<\/li>\n<\/ul>\n<\/td>\n<\/tr>\n<tr>\n<th class=\"text-left\">Rezultate:<\/th>\n<td class=\"text-left\">\n<ul>\n<li>B. Minea, V. N\u0103stas\u0103, R. F. Moraru, A. Kolecka, M. M. Flonta, I. Marincu, A. Man, F. Toma, M. Lup\u0219e, B. Doroftei, N. Marangoci, M. Pinteal\u0103, T. Boekhout, M. Mare\u0219 \u2013 Species distribution and susceptibility profile to fluconazole, voriconazole and MXP-4509 of 551 clinical yeast isolates from a Romanian multi-centre study. European Journal of Clinical Microbiology and Infectious Diseases 2015; 34:367-383. ISSN 0934-9723.<\/li>\n<\/ul>\n<\/td>\n<\/tr>\n<\/tbody>\n<\/table>\n<\/li>\n<\/ul>\n<ul id=\"third\">\n<li>\n<table class=\"table-fill\">\n<thead>\n<tr>\n<th class=\"text-left\" colspan=\"2\">Grupul de Studiu SRMMM pentru Aspergillus<\/th>\n<\/tr>\n<\/thead>\n<tbody class=\"table-hover\">\n<tr>\n<th class=\"text-left\">Proiecte<\/th>\n<td class=\"text-left\">\n<ul>\n<li><a href=\"http:\/\/fungi.ro\/wp-content\/uploads\/2013\/01\/fungiscope_flyer.pdf\">STUDIU PRIVIND EPIDEMIOLOGIA INFEC\u021aIILOR FUNGICE RARE \u00ceN ROMANIA<\/a>( desf\u0103\u015furat \u00een parteneriat cu ISHAM, \u00een cadrul proiectului FUNGISCOPE; pentru detalii contacta\u0163i Dr. Mihai Mare\u015f \u2013 Fungiscope national coordinator, email: mihaimares@fungi.ro \u015fi consulta\u021bi site-ul www.fungiscope.net )<\/li>\n<li>SUPRAVEGHEREA REZISTENTEI LA AZOLI PENTRU TULPINILE DE ASPERGILLUS FUMIGATUS<\/li>\n<\/ul>\n<p>&nbsp;<\/td>\n<\/tr>\n<tr>\n<th class=\"text-left\">Rezultate:<\/th>\n<td class=\"text-left\">\n<div style=\"text-align: justify; text-indent: 30px; font-size: 18px;\"><\/div>\n<p>&nbsp;<\/td>\n<\/tr>\n<\/tbody>\n<\/table>\n<\/li>\n<\/ul>\n<ul id=\"forth\">\n<li>\n<table class=\"table-fill\">\n<thead>\n<tr>\n<th class=\"text-left\" colspan=\"2\">Grupul de Studiu SRMMM pentru Infec\u021bii rare<\/th>\n<\/tr>\n<\/thead>\n<tbody class=\"table-hover\">\n<tr>\n<th class=\"text-left\">Proiecte<\/th>\n<td class=\"text-left\"><\/td>\n<\/tr>\n<tr>\n<th class=\"text-left\">Rezultate:<\/th>\n<td class=\"text-left\">\n<div style=\"text-align: justify; text-indent: 30px; font-size: 18px;\">\n<ul>\n<li><a href=\"http:\/\/fungi.ro\/wp-content\/uploads\/2013\/01\/Fungiscope_2010.pdf\">Raport Fungiscope 2010<\/a><\/li>\n<li><a href=\"http:\/\/fungi.ro\/wp-content\/uploads\/2013\/01\/Fungiscope_2011.pdf\">Raport Fungiscope 2011<\/a><\/li>\n<li><a href=\"http:\/\/fungi.ro\/wp-content\/uploads\/2013\/01\/Fungiscope_2012.pdf\">Raport Fungiscope 2012<\/a><\/li>\n<li><a href=\"http:\/\/fungi.ro\/wp-content\/uploads\/2015\/12\/Raport-Fungiscope-2013.pdf\">Raport Fungiscope 2013<\/a><\/li>\n<li><a href=\"http:\/\/fungi.ro\/wp-content\/uploads\/2015\/12\/Raport-Fungiscope-2014.pdf\">Raport Fungiscope 2014<\/a><\/li>\n<li><a href=\"http:\/\/fungi.ro\/wp-content\/uploads\/2015\/12\/Raport-Fungiscope-2015.pdf\">Raport Fungiscope 2015<\/a><\/li>\n<li><a href=\"http:\/\/fungi.ro\/wp-content\/uploads\/2016\/12\/Fungiscope_Report_June-2016.pdf\">Raport Fungiscope 2016<\/a><\/li>\n<\/ul>\n<\/div>\n<p>&nbsp;<\/td>\n<\/tr>\n<\/tbody>\n<\/table>\n<\/li>\n<\/ul>\n<ul id=\"fifth\">\n<li>\n<table class=\"table-fill\">\n<thead>\n<tr>\n<th class=\"text-left\" colspan=\"2\">Grupul de Studiu SRMMM pentru Micotoxine<\/th>\n<\/tr>\n<\/thead>\n<tbody class=\"table-hover\">\n<tr>\n<th class=\"text-left\"><\/th>\n<td class=\"text-left\"><a href=\"http:\/\/fungi.ro\/wp-content\/uploads\/2016\/12\/Micotoxine-Aspecte-legislative.pdf\">Micotoxine &#8211; Aspecte legislative<\/a><\/td>\n<\/tr>\n<tr>\n<th class=\"text-left\"><\/th>\n<td class=\"text-left\"><\/td>\n<\/tr>\n<\/tbody>\n<\/table>\n<\/li>\n<\/ul>\n<\/div>\n","protected":false},"excerpt":{"rendered":"<p>Antifungice Fungemii Aspergillus Infectii rare Micotoxine Grupul de Studiu SRMMM pentru Antifungice Proiecte EVALUAREA FARMACOLOGIC\u0102 A UNUI NOU DERIVAT TRIAZOLIC CU AC\u021aIUNE ANTIFUNGIC\u0102 \u2013 MXP 4509 EVALUATION OF THE ANTIFUNGAL SUSCEPTIBILITY PROFILE OF YEAST ISOLATES FROM A MULTICENTRE STUDY IN ROMANIA Rezultate Mare\u015f M, N\u0103stas\u0103 V, Moraru R, Doroftei B, \u0218tefanache A \u2013 Comparative in &hellip; <\/p>\n<p class=\"link-more\"><a href=\"https:\/\/fungi.ro\/en\/study-groups\/\" class=\"more-link\">Continue reading<span class=\"screen-reader-text\"> &#8220;Grupuri de studiu&#8221;<\/span><\/a><\/p>\n","protected":false},"author":1,"featured_media":422,"parent":0,"menu_order":0,"comment_status":"closed","ping_status":"closed","template":"","meta":[],"yoast_head":"<!-- This site is optimized with the Yoast SEO plugin v17.8 - https:\/\/yoast.com\/wordpress\/plugins\/seo\/ -->\n<title>Grupuri de studiu - Fungi.ro<\/title>\n<meta name=\"robots\" content=\"index, follow, max-snippet:-1, max-image-preview:large, max-video-preview:-1\" \/>\n<link rel=\"canonical\" href=\"https:\/\/fungi.ro\/ro\/grupuri-de-studiu\/\" \/>\n<meta property=\"og:locale\" content=\"en_US\" \/>\n<meta property=\"og:type\" content=\"article\" \/>\n<meta property=\"og:title\" content=\"Grupuri de studiu - Fungi.ro\" \/>\n<meta property=\"og:description\" content=\"Antifungice Fungemii Aspergillus Infectii rare Micotoxine Grupul de Studiu SRMMM pentru Antifungice Proiecte EVALUAREA FARMACOLOGIC\u0102 A UNUI NOU DERIVAT TRIAZOLIC CU AC\u021aIUNE ANTIFUNGIC\u0102 \u2013 MXP 4509 EVALUATION OF THE ANTIFUNGAL SUSCEPTIBILITY PROFILE OF YEAST ISOLATES FROM A MULTICENTRE STUDY IN ROMANIA Rezultate Mare\u015f M, N\u0103stas\u0103 V, Moraru R, Doroftei B, \u0218tefanache A \u2013 Comparative in &hellip; Continue reading &quot;Grupuri de studiu&quot;\" \/>\n<meta property=\"og:url\" content=\"https:\/\/fungi.ro\/ro\/grupuri-de-studiu\/\" \/>\n<meta property=\"og:site_name\" content=\"Fungi.ro\" \/>\n<meta property=\"article:modified_time\" content=\"2017-03-27T12:11:26+00:00\" \/>\n<meta property=\"og:image\" content=\"https:\/\/fungi.ro\/wp-content\/uploads\/2016\/12\/Aspergillus-versacolor.png\" \/>\n\t<meta property=\"og:image:width\" content=\"2000\" \/>\n\t<meta property=\"og:image:height\" content=\"768\" \/>\n<meta name=\"twitter:card\" content=\"summary\" \/>\n<meta name=\"twitter:label1\" content=\"Est. reading time\" \/>\n\t<meta name=\"twitter:data1\" content=\"1 minute\" \/>\n<script type=\"application\/ld+json\" class=\"yoast-schema-graph\">{\"@context\":\"https:\/\/schema.org\",\"@graph\":[{\"@type\":\"WebSite\",\"@id\":\"https:\/\/fungi.ro\/ro\/#website\",\"url\":\"https:\/\/fungi.ro\/ro\/\",\"name\":\"Fungi.ro\",\"description\":\"Societatea Rom\\u00e2n\\u0103 de Micologie Medical\\u0103 \\u0219i Micotoxicologie\",\"potentialAction\":[{\"@type\":\"SearchAction\",\"target\":{\"@type\":\"EntryPoint\",\"urlTemplate\":\"https:\/\/fungi.ro\/ro\/?s={search_term_string}\"},\"query-input\":\"required name=search_term_string\"}],\"inLanguage\":\"\"},{\"@type\":\"ImageObject\",\"@id\":\"https:\/\/fungi.ro\/ro\/grupuri-de-studiu\/#primaryimage\",\"inLanguage\":\"\",\"url\":\"https:\/\/fungi.ro\/wp-content\/uploads\/2016\/12\/Aspergillus-versacolor.png\",\"contentUrl\":\"https:\/\/fungi.ro\/wp-content\/uploads\/2016\/12\/Aspergillus-versacolor.png\",\"width\":2000,\"height\":768},{\"@type\":\"WebPage\",\"@id\":\"https:\/\/fungi.ro\/ro\/grupuri-de-studiu\/#webpage\",\"url\":\"https:\/\/fungi.ro\/ro\/grupuri-de-studiu\/\",\"name\":\"Grupuri de studiu - Fungi.ro\",\"isPartOf\":{\"@id\":\"https:\/\/fungi.ro\/ro\/#website\"},\"primaryImageOfPage\":{\"@id\":\"https:\/\/fungi.ro\/ro\/grupuri-de-studiu\/#primaryimage\"},\"datePublished\":\"2016-12-13T09:44:30+00:00\",\"dateModified\":\"2017-03-27T12:11:26+00:00\",\"breadcrumb\":{\"@id\":\"https:\/\/fungi.ro\/ro\/grupuri-de-studiu\/#breadcrumb\"},\"inLanguage\":\"\",\"potentialAction\":[{\"@type\":\"ReadAction\",\"target\":[\"https:\/\/fungi.ro\/ro\/grupuri-de-studiu\/\"]}]},{\"@type\":\"BreadcrumbList\",\"@id\":\"https:\/\/fungi.ro\/ro\/grupuri-de-studiu\/#breadcrumb\",\"itemListElement\":[{\"@type\":\"ListItem\",\"position\":1,\"name\":\"Home\",\"item\":\"https:\/\/fungi.ro\/ro\/\"},{\"@type\":\"ListItem\",\"position\":2,\"name\":\"Grupuri de studiu\"}]}]}<\/script>\n<!-- \/ Yoast SEO plugin. -->","yoast_head_json":{"title":"Grupuri de studiu - Fungi.ro","robots":{"index":"index","follow":"follow","max-snippet":"max-snippet:-1","max-image-preview":"max-image-preview:large","max-video-preview":"max-video-preview:-1"},"canonical":"https:\/\/fungi.ro\/ro\/grupuri-de-studiu\/","og_locale":"en_US","og_type":"article","og_title":"Grupuri de studiu - Fungi.ro","og_description":"Antifungice Fungemii Aspergillus Infectii rare Micotoxine Grupul de Studiu SRMMM pentru Antifungice Proiecte EVALUAREA FARMACOLOGIC\u0102 A UNUI NOU DERIVAT TRIAZOLIC CU AC\u021aIUNE ANTIFUNGIC\u0102 \u2013 MXP 4509 EVALUATION OF THE ANTIFUNGAL SUSCEPTIBILITY PROFILE OF YEAST ISOLATES FROM A MULTICENTRE STUDY IN ROMANIA Rezultate Mare\u015f M, N\u0103stas\u0103 V, Moraru R, Doroftei B, \u0218tefanache A \u2013 Comparative in &hellip; Continue reading \"Grupuri de studiu\"","og_url":"https:\/\/fungi.ro\/ro\/grupuri-de-studiu\/","og_site_name":"Fungi.ro","article_modified_time":"2017-03-27T12:11:26+00:00","og_image":[{"width":2000,"height":768,"url":"https:\/\/fungi.ro\/wp-content\/uploads\/2016\/12\/Aspergillus-versacolor.png","type":"image\/png"}],"twitter_card":"summary","twitter_misc":{"Est. reading time":"1 minute"},"schema":{"@context":"https:\/\/schema.org","@graph":[{"@type":"WebSite","@id":"https:\/\/fungi.ro\/ro\/#website","url":"https:\/\/fungi.ro\/ro\/","name":"Fungi.ro","description":"Societatea Rom\u00e2n\u0103 de Micologie Medical\u0103 \u0219i Micotoxicologie","potentialAction":[{"@type":"SearchAction","target":{"@type":"EntryPoint","urlTemplate":"https:\/\/fungi.ro\/ro\/?s={search_term_string}"},"query-input":"required name=search_term_string"}],"inLanguage":""},{"@type":"ImageObject","@id":"https:\/\/fungi.ro\/ro\/grupuri-de-studiu\/#primaryimage","inLanguage":"","url":"https:\/\/fungi.ro\/wp-content\/uploads\/2016\/12\/Aspergillus-versacolor.png","contentUrl":"https:\/\/fungi.ro\/wp-content\/uploads\/2016\/12\/Aspergillus-versacolor.png","width":2000,"height":768},{"@type":"WebPage","@id":"https:\/\/fungi.ro\/ro\/grupuri-de-studiu\/#webpage","url":"https:\/\/fungi.ro\/ro\/grupuri-de-studiu\/","name":"Grupuri de studiu - Fungi.ro","isPartOf":{"@id":"https:\/\/fungi.ro\/ro\/#website"},"primaryImageOfPage":{"@id":"https:\/\/fungi.ro\/ro\/grupuri-de-studiu\/#primaryimage"},"datePublished":"2016-12-13T09:44:30+00:00","dateModified":"2017-03-27T12:11:26+00:00","breadcrumb":{"@id":"https:\/\/fungi.ro\/ro\/grupuri-de-studiu\/#breadcrumb"},"inLanguage":"","potentialAction":[{"@type":"ReadAction","target":["https:\/\/fungi.ro\/ro\/grupuri-de-studiu\/"]}]},{"@type":"BreadcrumbList","@id":"https:\/\/fungi.ro\/ro\/grupuri-de-studiu\/#breadcrumb","itemListElement":[{"@type":"ListItem","position":1,"name":"Home","item":"https:\/\/fungi.ro\/ro\/"},{"@type":"ListItem","position":2,"name":"Grupuri de studiu"}]}]}},"_links":{"self":[{"href":"https:\/\/fungi.ro\/en\/wp-json\/wp\/v2\/pages\/41"}],"collection":[{"href":"https:\/\/fungi.ro\/en\/wp-json\/wp\/v2\/pages"}],"about":[{"href":"https:\/\/fungi.ro\/en\/wp-json\/wp\/v2\/types\/page"}],"author":[{"embeddable":true,"href":"https:\/\/fungi.ro\/en\/wp-json\/wp\/v2\/users\/1"}],"replies":[{"embeddable":true,"href":"https:\/\/fungi.ro\/en\/wp-json\/wp\/v2\/comments?post=41"}],"version-history":[{"count":73,"href":"https:\/\/fungi.ro\/en\/wp-json\/wp\/v2\/pages\/41\/revisions"}],"predecessor-version":[{"id":1586,"href":"https:\/\/fungi.ro\/en\/wp-json\/wp\/v2\/pages\/41\/revisions\/1586"}],"wp:featuredmedia":[{"embeddable":true,"href":"https:\/\/fungi.ro\/en\/wp-json\/wp\/v2\/media\/422"}],"wp:attachment":[{"href":"https:\/\/fungi.ro\/en\/wp-json\/wp\/v2\/media?parent=41"}],"curies":[{"name":"wp","href":"https:\/\/api.w.org\/{rel}","templated":true}]}}