{"id":45,"date":"2016-12-13T09:45:18","date_gmt":"2016-12-13T09:45:18","guid":{"rendered":"http:\/\/localhost\/wordpress\/?page_id=45"},"modified":"2017-02-20T19:18:47","modified_gmt":"2017-02-20T17:18:47","slug":"galerie","status":"publish","type":"page","link":"https:\/\/fungi.ro\/en\/gallery\/","title":{"rendered":"Galerie"},"content":{"rendered":"<ul class=\"carousel\">\n<li><img loading=\"lazy\" class=\"alignnone \" src=\"http:\/\/fungi.ro\/wp-content\/uploads\/2016\/12\/1.jpg\" alt=\"\" width=\"300\" height=\"189\" \/>\n<p class=\"caption\">A 3-a Conferinta Nationala de Micologie Medicala, Sibiu (20-22 iunie 2013) <\/p>\n<\/li>\n<li><img loading=\"lazy\" class=\"alignnone\" src=\"http:\/\/fungi.ro\/wp-content\/uploads\/2016\/12\/2.jpg\" alt=\"\" width=\"300\" height=\"189\" \/>\n<p class=\"caption\">Curs EMC &#8211; Dermatofiti, Iasi (18-22 aprilie 2016) <\/p>\n<\/li>\n<li><img loading=\"lazy\" class=\"alignnone \" src=\"http:\/\/fungi.ro\/wp-content\/uploads\/2016\/12\/3.jpg\" alt=\"\" width=\"300\" height=\"189\" \/>\n<p class=\"caption\">Curs EMC &#8211; Dermatofiti, Iasi (6-10 iunie 2016) <\/p>\n<\/li>\n<li><img loading=\"lazy\" class=\"alignnone\" src=\"http:\/\/fungi.ro\/wp-content\/uploads\/2016\/12\/4.jpg\" alt=\"\" width=\"300\" height=\"189\" \/>\n<p class=\"caption\">A 4-a Conferinta Nationala de Micologie Medicala, Bucuresti (9-10 septembrie 2016) <\/p>\n<\/li>\n<li><img loading=\"lazy\" class=\"alignnone \" src=\"http:\/\/fungi.ro\/wp-content\/uploads\/2016\/12\/5.jpg\" alt=\"\" width=\"300\" height=\"189\" \/>\n<p class=\"caption\">Curs EMC &#8211; Antifungice, Iasi (12-16 septembrie 2016) <\/p>\n<\/li>\n<li><img loading=\"lazy\" class=\"alignnone \" src=\"http:\/\/fungi.ro\/wp-content\/uploads\/2016\/12\/6.jpg\" alt=\"\" width=\"300\" height=\"189\" \/>\n<p class=\"caption\">Curs ASM la Ia\u0219i \u2013 septembrie 2003<\/p>\n<\/li>\n<li><img loading=\"lazy\" class=\"alignnone \" src=\"http:\/\/fungi.ro\/wp-content\/uploads\/2016\/12\/7.jpg\" alt=\"\" width=\"300\" height=\"189\" \/>\n<p class=\"caption\">1CNMM la Cluj-Napoca \u2013 noiembrie 2008<\/p>\n<\/li>\n<li><img loading=\"lazy\" class=\"alignnone \" src=\"http:\/\/fungi.ro\/wp-content\/uploads\/2016\/12\/8.jpg\" alt=\"\" width=\"300\" height=\"189\" \/>\n<p class=\"caption\">A 2-a Conferinta Nationala de Micologie Medicala, Iasi (17-18 iunie 2010)<\/p>\n<\/li>\n<li><img loading=\"lazy\" class=\"alignnone \" src=\"http:\/\/fungi.ro\/wp-content\/uploads\/2016\/12\/9.jpg\" alt=\"\" width=\"300\" height=\"189\" \/>\n<p class=\"caption\">Curs ESCMID la Cluj-Napoca \u2013 septembrie 2011<\/p>\n<\/li>\n<\/ul>\n","protected":false},"excerpt":{"rendered":"<p>A 3-a Conferinta Nationala de Micologie Medicala, Sibiu (20-22 iunie 2013) Curs EMC &#8211; Dermatofiti, Iasi (18-22 aprilie 2016) Curs EMC &#8211; Dermatofiti, Iasi (6-10 iunie 2016) A 4-a Conferinta Nationala de Micologie Medicala, Bucuresti (9-10 septembrie 2016) Curs EMC &#8211; Antifungice, Iasi (12-16 septembrie 2016) Curs ASM la Ia\u0219i \u2013 septembrie 2003 1CNMM la &hellip; <\/p>\n<p class=\"link-more\"><a href=\"https:\/\/fungi.ro\/en\/gallery\/\" class=\"more-link\">Continue reading<span class=\"screen-reader-text\"> &#8220;Galerie&#8221;<\/span><\/a><\/p>\n","protected":false},"author":1,"featured_media":421,"parent":0,"menu_order":0,"comment_status":"closed","ping_status":"closed","template":"","meta":[],"yoast_head":"<!-- This site is optimized with the Yoast SEO plugin v17.8 - https:\/\/yoast.com\/wordpress\/plugins\/seo\/ -->\n<title>Galerie - Fungi.ro<\/title>\n<meta name=\"robots\" content=\"index, follow, max-snippet:-1, max-image-preview:large, max-video-preview:-1\" \/>\n<link rel=\"canonical\" href=\"https:\/\/fungi.ro\/en\/gallery\/\" \/>\n<meta property=\"og:locale\" content=\"en_US\" \/>\n<meta property=\"og:type\" content=\"article\" \/>\n<meta property=\"og:title\" content=\"Galerie - Fungi.ro\" \/>\n<meta property=\"og:description\" content=\"A 3-a Conferinta Nationala de Micologie Medicala, Sibiu (20-22 iunie 2013) Curs EMC &#8211; Dermatofiti, Iasi (18-22 aprilie 2016) Curs EMC &#8211; Dermatofiti, Iasi (6-10 iunie 2016) A 4-a Conferinta Nationala de Micologie Medicala, Bucuresti (9-10 septembrie 2016) Curs EMC &#8211; Antifungice, Iasi (12-16 septembrie 2016) Curs ASM la Ia\u0219i \u2013 septembrie 2003 1CNMM la &hellip; Continue reading &quot;Galerie&quot;\" \/>\n<meta property=\"og:url\" content=\"https:\/\/fungi.ro\/en\/gallery\/\" \/>\n<meta property=\"og:site_name\" content=\"Fungi.ro\" \/>\n<meta property=\"article:modified_time\" content=\"2017-02-20T17:18:47+00:00\" \/>\n<meta property=\"og:image\" content=\"https:\/\/fungi.ro\/wp-content\/uploads\/2016\/12\/gallery-top-banner.png\" \/>\n\t<meta property=\"og:image:width\" content=\"2000\" \/>\n\t<meta property=\"og:image:height\" content=\"499\" \/>\n<meta name=\"twitter:card\" content=\"summary\" \/>\n<script type=\"application\/ld+json\" class=\"yoast-schema-graph\">{\"@context\":\"https:\/\/schema.org\",\"@graph\":[{\"@type\":\"WebSite\",\"@id\":\"https:\/\/fungi.ro\/ro\/#website\",\"url\":\"https:\/\/fungi.ro\/ro\/\",\"name\":\"Fungi.ro\",\"description\":\"Societatea Rom\\u00e2n\\u0103 de Micologie Medical\\u0103 \\u0219i Micotoxicologie\",\"potentialAction\":[{\"@type\":\"SearchAction\",\"target\":{\"@type\":\"EntryPoint\",\"urlTemplate\":\"https:\/\/fungi.ro\/ro\/?s={search_term_string}\"},\"query-input\":\"required name=search_term_string\"}],\"inLanguage\":\"\"},{\"@type\":\"ImageObject\",\"@id\":\"https:\/\/fungi.ro\/en\/gallery\/#primaryimage\",\"inLanguage\":\"\",\"url\":\"https:\/\/fungi.ro\/wp-content\/uploads\/2016\/12\/gallery-top-banner.png\",\"contentUrl\":\"https:\/\/fungi.ro\/wp-content\/uploads\/2016\/12\/gallery-top-banner.png\",\"width\":2000,\"height\":499},{\"@type\":\"WebPage\",\"@id\":\"https:\/\/fungi.ro\/en\/gallery\/#webpage\",\"url\":\"https:\/\/fungi.ro\/en\/gallery\/\",\"name\":\"Galerie - Fungi.ro\",\"isPartOf\":{\"@id\":\"https:\/\/fungi.ro\/ro\/#website\"},\"primaryImageOfPage\":{\"@id\":\"https:\/\/fungi.ro\/en\/gallery\/#primaryimage\"},\"datePublished\":\"2016-12-13T09:45:18+00:00\",\"dateModified\":\"2017-02-20T17:18:47+00:00\",\"breadcrumb\":{\"@id\":\"https:\/\/fungi.ro\/en\/gallery\/#breadcrumb\"},\"inLanguage\":\"\",\"potentialAction\":[{\"@type\":\"ReadAction\",\"target\":[\"https:\/\/fungi.ro\/en\/gallery\/\"]}]},{\"@type\":\"BreadcrumbList\",\"@id\":\"https:\/\/fungi.ro\/en\/gallery\/#breadcrumb\",\"itemListElement\":[{\"@type\":\"ListItem\",\"position\":1,\"name\":\"Home\",\"item\":\"https:\/\/fungi.ro\/ro\/\"},{\"@type\":\"ListItem\",\"position\":2,\"name\":\"Galerie\"}]}]}<\/script>\n<!-- \/ Yoast SEO plugin. -->","yoast_head_json":{"title":"Galerie - Fungi.ro","robots":{"index":"index","follow":"follow","max-snippet":"max-snippet:-1","max-image-preview":"max-image-preview:large","max-video-preview":"max-video-preview:-1"},"canonical":"https:\/\/fungi.ro\/en\/gallery\/","og_locale":"en_US","og_type":"article","og_title":"Galerie - Fungi.ro","og_description":"A 3-a Conferinta Nationala de Micologie Medicala, Sibiu (20-22 iunie 2013) Curs EMC &#8211; Dermatofiti, Iasi (18-22 aprilie 2016) Curs EMC &#8211; Dermatofiti, Iasi (6-10 iunie 2016) A 4-a Conferinta Nationala de Micologie Medicala, Bucuresti (9-10 septembrie 2016) Curs EMC &#8211; Antifungice, Iasi (12-16 septembrie 2016) Curs ASM la Ia\u0219i \u2013 septembrie 2003 1CNMM la &hellip; Continue reading \"Galerie\"","og_url":"https:\/\/fungi.ro\/en\/gallery\/","og_site_name":"Fungi.ro","article_modified_time":"2017-02-20T17:18:47+00:00","og_image":[{"width":2000,"height":499,"url":"https:\/\/fungi.ro\/wp-content\/uploads\/2016\/12\/gallery-top-banner.png","type":"image\/png"}],"twitter_card":"summary","schema":{"@context":"https:\/\/schema.org","@graph":[{"@type":"WebSite","@id":"https:\/\/fungi.ro\/ro\/#website","url":"https:\/\/fungi.ro\/ro\/","name":"Fungi.ro","description":"Societatea Rom\u00e2n\u0103 de Micologie Medical\u0103 \u0219i Micotoxicologie","potentialAction":[{"@type":"SearchAction","target":{"@type":"EntryPoint","urlTemplate":"https:\/\/fungi.ro\/ro\/?s={search_term_string}"},"query-input":"required name=search_term_string"}],"inLanguage":""},{"@type":"ImageObject","@id":"https:\/\/fungi.ro\/en\/gallery\/#primaryimage","inLanguage":"","url":"https:\/\/fungi.ro\/wp-content\/uploads\/2016\/12\/gallery-top-banner.png","contentUrl":"https:\/\/fungi.ro\/wp-content\/uploads\/2016\/12\/gallery-top-banner.png","width":2000,"height":499},{"@type":"WebPage","@id":"https:\/\/fungi.ro\/en\/gallery\/#webpage","url":"https:\/\/fungi.ro\/en\/gallery\/","name":"Galerie - Fungi.ro","isPartOf":{"@id":"https:\/\/fungi.ro\/ro\/#website"},"primaryImageOfPage":{"@id":"https:\/\/fungi.ro\/en\/gallery\/#primaryimage"},"datePublished":"2016-12-13T09:45:18+00:00","dateModified":"2017-02-20T17:18:47+00:00","breadcrumb":{"@id":"https:\/\/fungi.ro\/en\/gallery\/#breadcrumb"},"inLanguage":"","potentialAction":[{"@type":"ReadAction","target":["https:\/\/fungi.ro\/en\/gallery\/"]}]},{"@type":"BreadcrumbList","@id":"https:\/\/fungi.ro\/en\/gallery\/#breadcrumb","itemListElement":[{"@type":"ListItem","position":1,"name":"Home","item":"https:\/\/fungi.ro\/ro\/"},{"@type":"ListItem","position":2,"name":"Galerie"}]}]}},"_links":{"self":[{"href":"https:\/\/fungi.ro\/en\/wp-json\/wp\/v2\/pages\/45"}],"collection":[{"href":"https:\/\/fungi.ro\/en\/wp-json\/wp\/v2\/pages"}],"about":[{"href":"https:\/\/fungi.ro\/en\/wp-json\/wp\/v2\/types\/page"}],"author":[{"embeddable":true,"href":"https:\/\/fungi.ro\/en\/wp-json\/wp\/v2\/users\/1"}],"replies":[{"embeddable":true,"href":"https:\/\/fungi.ro\/en\/wp-json\/wp\/v2\/comments?post=45"}],"version-history":[{"count":25,"href":"https:\/\/fungi.ro\/en\/wp-json\/wp\/v2\/pages\/45\/revisions"}],"predecessor-version":[{"id":1554,"href":"https:\/\/fungi.ro\/en\/wp-json\/wp\/v2\/pages\/45\/revisions\/1554"}],"wp:featuredmedia":[{"embeddable":true,"href":"https:\/\/fungi.ro\/en\/wp-json\/wp\/v2\/media\/421"}],"wp:attachment":[{"href":"https:\/\/fungi.ro\/en\/wp-json\/wp\/v2\/media?parent=45"}],"curies":[{"name":"wp","href":"https:\/\/api.w.org\/{rel}","templated":true}]}}