{"id":47,"date":"2016-12-13T09:45:30","date_gmt":"2016-12-13T09:45:30","guid":{"rendered":"http:\/\/localhost\/wordpress\/?page_id=47"},"modified":"2026-04-14T18:16:41","modified_gmt":"2026-04-14T16:16:41","slug":"evenimente","status":"publish","type":"page","link":"https:\/\/fungi.ro\/en\/events\/","title":{"rendered":"Evenimente"},"content":{"rendered":"<ul class=\"listpop\">\n<li> <a class=\"orange\" target=\"_new\" href=\"https:\/\/www.aspergillus.org.uk\/mycology-conferences-workshops-archive\/\" rel=\"noopener\">Interna\u021bionale<\/a>\n <\/li>\n<li> <a class=\"green\"  href=\"#third\">Istoric Conferin\u021be<\/a><\/li>\n<\/ul>\n<div style=\"display: flex; flex-direction: column; align-items: center; gap: 0px; margin: 0 auto; max-width: 650px;\">\n<p>    <!-- Primul Element --><\/p>\n<div style=\"width: 100%; text-align: center;\">\n        <a href=\"https:\/\/fungi.ro\/ro\/evenimente\/\" target=\"_self\" rel=\"noopener\"><br \/>\n            <img src=\"http:\/\/fungi.ro\/wp-content\/uploads\/2026\/04\/fungi_afis2.png\" alt=\"FI 2026\" style=\"max-width: 100%; height: auto;\"><br \/>\n        <\/a><\/p>\n<div style=\"margin-top: 10px; font-size: 14px; color: #333; text-align: left; line-height: 1.6; display: block;\">\n<p>Cursul urm\u0103re\u0219te dezvoltarea micologiei \u00een Rom\u00e2nia, prin predarea de no\u021biuni clare privind epidemiologia, diagnosticul \u0219i managementul  infec\u021biilor fungice invazive, \u00een condi\u021biile \u00een care Organiza\u021bia Mondial\u0103 a S\u0103n\u0103t\u0103\u021bii a atras aten\u021bia, \u00eenc\u0103 din 2018 (c\u00e2nd a publicat prima list\u0103 global\u0103 a agen\u021bilor fungici \u201eprioritari\u201d), c\u0103 infec\u021biile fungice invazive reprezint\u0103 o amenin\u021bare emergent\u0103 major\u0103 pentru s\u0103n\u0103tatea public\u0103. Cre\u0219terea rezisten\u021bei antifungice, lipsa testelor rapide \u0219i sensibile \u0219i extinderea global\u0103 a acestor patogeni impun dezvoltarea urgent\u0103 a capacit\u0103\u021bilor de diagnostic. \u00cen acest context, cursul urm\u0103re\u0219te consolidarea competen\u021belor clinice \u0219i paraclinice\/de laborator necesare pentru recunoa\u0219terea \u0219i diagnosticul corect al infec\u021biilor fungice invazive. Evenimentul se adreseaz\u0103 at\u00e2t clinicienilor, c\u00e2t \u0219i medicilor de laborator, contribuind la \u00eent\u0103rirea colabor\u0103rii dintre ace\u0219tia \u0219i la dezvoltarea unui limbaj comun, ce vor duce la cre\u0219terea coeren\u021bei \u00een identificarea \u0219i managementul pacien\u021bilor cu infec\u021bii fungice invazive.<\/p>\n<p>Vor fi descrise principalele specii fungice emergente invazive: fungii levurici \u2013 <i>Candida<\/i> spp. cu accent pe <i>Candida auris<\/i>, fung considerat de prioritate critic\u0103, <i>Cryptococcus<\/i> spp., accent pe <i>C. neoformans<\/i> &#8211; de asemenea, de prioritate critic\u0103, alte levuri cu capacitate invaziv\u0103; fungii filamento\u0219i: <i>Aspergillus<\/i> spp.<\/i>, Mucorales, <i>Fusarium<\/i> spp., fungii dimorfici \u0219i fungii necultivabili (<i>Pneumocystis jirovecii<\/i> \u2013 considerat critic). Vor fi prezentate categoriile de pacien\u021bi cu risc crescut de a dezvolta infec\u021bii fungice invazive \u0219i elementele de orientare diagnostic\u0103 rapid\u0103, clinic\u0103 \u0219i paraclinic\u0103 (biologic\u0103 \u0219i imagistic\u0103). Sunt incluse succint \u0219i adresate fiecarui fung \u00een parte, no\u021biuni de baz\u0103 de laborator, aflate la interferen\u021ba clinician \u2013 coleg microbiolog\/medic laborator: tipul de analiz\u0103 ce s-ar preta acelui patogen (diagnostic microbiologic clasic, serologic, detectare de antigene specifice, metode moleculare, metode imagistice), momentul, modul \u0219i calitatea probelor recoltate, limitele metodelor, no\u021biuni de rezisten\u021b\u0103 la antifungice, monitorizarea de laborator\/imagistic\u0103 necesare pe parcursul tratamentului.<br \/>\n\u00cen partea a doua, adresat\u0103 \u00een special medicilor de laborator sau de microbiologie clinic\u0103, accentul este mutat de pe patogen pe metoda de diagnostic \u00een sine. Metodele de diagnostic sunt aprofundate, detaliate \u0219i exemplificate practic. Sunt incluse metodele de microbiologie clasic\u0103 &#8211; examene microscopice directe, tehnici de cultur\u0103, identificare morfologic\u0103, realizarea \u0219i interpretarea antifungigramelor, dar \u0219i tehnici de recoltare aferente metodelor clasice, cum ar fi sonicarea materialelor adresate laboratorului \u0219i metode complementare microbiologiei clasice, cum ar fi analizarea prin MALDI-TOF, analiza molecular\u0103 tip PCR \u0219i PCR multiplex \u0219i analizarea markerilor serologici &#8211; antigene fungice, complexe antigen-anticorpi. <\/p>\n<p>Cursul va fi \u021binut \u00een limba rom\u00e2n\u0103 de c\u0103tre lectorii rom\u00e2ni \u0219i \u00een limba englez\u0103 de c\u0103tre lectorul invitat \u2013 Doamna Profesor Dr. Ayse Kalkanci, de la Universitatea Gazi, Ankara, Turcia.  <\/p>\n<p>Ne adres\u0103m medicilor reziden\u021bi, speciali\u0219ti \u0219i primari din specialit\u0103\u021bile de Boli Infec\u021bioase, Terapie Intensiv\u0103, Pneumologie, ORL, Hematologie \u0219i Transplant, Oncologie, Reumatologie, Diabetologie, Medicin\u0103 intern\u0103, Dermatologie, Epidemiologie, Microbiologie Clinic\u0103, Laborator.<br \/>\nNum\u0103rul de participan\u021bi va fi limitat la 100. <\/p>\n<p>Eventimentul va fi creditat EMC. Programul complet urmeaz\u0103 a fi ata\u0219at.<\/p>\n<div style=\"margin-top: 15px; text-align: left;\">\n<a href=\"http:\/\/fungi.ro\/wp-content\/uploads\/2026\/04\/Program Eveniment Fungi draft.pdf\"><strong>Program preliminar &#8211; click aici<\/strong><\/a>\n<\/div>\n<div style=\"margin-top: 15px; text-align: left;\">\n        <strong>Taxe de participare:<\/strong><br \/>\n        &#8211; medic rezident: 200 lei, indiferent de momentul \u00eenscrierii<br \/>\n        &#8211; medic specialist: 350 lei p\u00e2n\u0103 la 30 aprilie; ulterior taxa se va majora la 450 lei<br \/>\n        &#8211; medic primar: 400 lei p\u00e2n\u0103 la 30 aprilie; ulterior taxa se va majora la 500 lei <\/p>\n<p>Date transfer:<br \/>\nSocietatea Rom\u00e2n\u0103 de Micologie Medical\u0103 \u0219i Micotoxicologie<br \/>\nCUI: 20989870<br \/>\nIBAN: RO96BRDE240SV69847742400 RON<br \/>\nBRD-GSG Agen\u021bia Super Copou, Ia\u0219i\n    <\/p><\/div>\n<\/div><\/div>\n<style>\n    \/* Stilurile pentru dimensiunea c\u00e2mpurilor *\/\n    #ccf-form-4564 input[type=\"text\"], \n    #ccf-form-4564 input[type=\"email\"], \n    #ccf-form-4564 textarea,\n    #ccf-form-4564 select {\n        padding: 6px 10px !important;\n        font-size: 1px !important;\n        height: auto !important;\n        margin-bottom: 10px !important;\n    }<\/p>\n<p>    \/* Stilurile pentru etichete (labels) *\/\n    #ccf-form-4564 label {\n        font-size: 1px !important;\n        margin-bottom: 4px !important;\n        display: block;\n    }\n<\/style>\n<div style=\"max-width: 600px; width: 100%; margin-left: 0 !important; margin-right: auto !important; display: block;\">\n    \n\t\t\t<div class=\"ccf-form-wrapper form-id-4564\" data-form-id=\"4564\">\n\t\t\t\t<form enctype=\"multipart\/form-data\" class=\"ccf-form ccf-theme-default\" method=\"post\" action=\"?v=1776305832\" data-form-id=\"4564\">\n\n\t\t\t\t\t\t\t\t\t\t\t\t\t\t\t\t\t\t<div class=\"form-title\">\n\t\t\t\t\t\t\t\tForumular \u00eenscriere\t\t\t\t\t\t\t<\/div>\n\t\t\t\t\t\t\t\t\t\t\t\n\t\t\t\t\t\t\t\t\t\t\t<div class=\"form-description\">\n\t\t\t\t\t\t\tPentru \u00eenscriere este necesar s\u0103 completezi formularul \u0219i s\u0103 \u00eencarci dovada pl\u0103\u021bii \u00een contul de mai sus.\t\t\t\t\t\t<\/div>\n\t\t\t\t\t\n\t\t\t\t\t\n\t\t<div data-field-type=\"single-line-text\" data-field-slug=\"nume-prenume\" class=\"form-group  field nume-prenume field-type-single-line-text field-4905  field-required\">\n\t\t\t<label class=\"main-label\" for=\"ccf_field_nume-prenume\">\n\t\t\t\t<span class=\"required\">*<\/span>\t\t\t\tPrenume Nume\t\t\t<\/label>\n\t\t\t<input class=\"form-control  field-input\" required aria-required=\"true\" type=\"text\" name=\"ccf_field_nume-prenume\" id=\"ccf_field_nume-prenume\" placeholder=\"\" value=\"\">\n\n\t\t\t\n\t\t\t\t\t<\/div>\n\n\t\t\n\t\t<div data-field-type=\"single-line-text\" data-field-slug=\"telefon\" class=\"form-group  field telefon field-type-single-line-text field-4906  field-required\">\n\t\t\t<label class=\"main-label\" for=\"ccf_field_telefon\">\n\t\t\t\t<span class=\"required\">*<\/span>\t\t\t\tTelefon\t\t\t<\/label>\n\t\t\t<input class=\"form-control  field-input\" required aria-required=\"true\" type=\"text\" name=\"ccf_field_telefon\" id=\"ccf_field_telefon\" placeholder=\"\" value=\"\">\n\n\t\t\t\n\t\t\t\t\t<\/div>\n\n\t\t\n\t\t<div data-field-type=\"single-line-text\" data-field-slug=\"email\" class=\"form-group  field email field-type-single-line-text field-4907  field-required\">\n\t\t\t<label class=\"main-label\" for=\"ccf_field_email\">\n\t\t\t\t<span class=\"required\">*<\/span>\t\t\t\tEmail\t\t\t<\/label>\n\t\t\t<input class=\"form-control  field-input\" required aria-required=\"true\" type=\"text\" name=\"ccf_field_email\" id=\"ccf_field_email\" placeholder=\"\" value=\"\">\n\n\t\t\t\n\t\t\t\t\t<\/div>\n\n\t\t\n\t\t<div data-field-type=\"dropdown\" data-field-slug=\"medic\" class=\"form-group  field medic field-type-dropdown field-4908  field-required\">\n\t\t\t<label class=\"main-label\" for=\"ccf_field_medic\">\n\t\t\t\t<span class=\"required\">*<\/span>\t\t\t\tMedic\t\t\t<\/label>\n\t\t\t<select class=\"form-control  field-input\" required aria-required=\"true\"  name=\"ccf_field_medic\" id=\"ccf_field_medic\">\n\t\t\t\t\t\t\t\t\t<option  value=\"Rezident\">Rezident<\/option>\n\t\t\t\t\t\t\t\t\t<option  value=\"Specialist\">Specialist<\/option>\n\t\t\t\t\t\t\t\t\t<option  value=\"Primar\">Primar<\/option>\n\t\t\t\t\t\t\t<\/select>\n\n\t\t\t\n\t\t\t\t\t<\/div>\n\n\t\t\n\t\t<div data-field-type=\"single-line-text\" data-field-slug=\"specialitate\" class=\"form-group  field specialitate field-type-single-line-text field-4912  field-required\">\n\t\t\t<label class=\"main-label\" for=\"ccf_field_specialitate\">\n\t\t\t\t<span class=\"required\">*<\/span>\t\t\t\tSpecialitate\t\t\t<\/label>\n\t\t\t<input class=\"form-control  field-input\" required aria-required=\"true\" type=\"text\" name=\"ccf_field_specialitate\" id=\"ccf_field_specialitate\" placeholder=\"\" value=\"\">\n\n\t\t\t\n\t\t\t\t\t<\/div>\n\n\t\t\n\t\t<div data-field-type=\"single-line-text\" data-field-slug=\"loc-munca\" class=\"form-group  field loc-munca field-type-single-line-text field-4913  field-required\">\n\t\t\t<label class=\"main-label\" for=\"ccf_field_loc-munca\">\n\t\t\t\t<span class=\"required\">*<\/span>\t\t\t\tLoc de munc\u0103\t\t\t<\/label>\n\t\t\t<input class=\"form-control  field-input\" required aria-required=\"true\" type=\"text\" name=\"ccf_field_loc-munca\" id=\"ccf_field_loc-munca\" placeholder=\"\" value=\"\">\n\n\t\t\t\n\t\t\t\t\t<\/div>\n\n\t\t\n\t\t<div data-field-type=\"single-line-text\" data-field-slug=\"localitate\" class=\"form-group  field localitate field-type-single-line-text field-4914  field-required\">\n\t\t\t<label class=\"main-label\" for=\"ccf_field_localitate\">\n\t\t\t\t<span class=\"required\">*<\/span>\t\t\t\tLocalitate\t\t\t<\/label>\n\t\t\t<input class=\"form-control  field-input\" required aria-required=\"true\" type=\"text\" name=\"ccf_field_localitate\" id=\"ccf_field_localitate\" placeholder=\"\" value=\"\">\n\n\t\t\t\n\t\t\t\t\t<\/div>\n\n\t\t\n\t\t<div data-field-type=\"single-line-text\" data-field-slug=\"CUIM\" class=\"form-group  field CUIM field-type-single-line-text field-4915  field-required\">\n\t\t\t<label class=\"main-label\" for=\"ccf_field_CUIM\">\n\t\t\t\t<span class=\"required\">*<\/span>\t\t\t\tC.U.I.M. (medicii reziden\u021bi care nu au CUIM completeaz\u0103 &quot;Nu am&quot;)\t\t\t<\/label>\n\t\t\t<input class=\"form-control  field-input\" required aria-required=\"true\" type=\"text\" name=\"ccf_field_CUIM\" id=\"ccf_field_CUIM\" placeholder=\"\" value=\"\">\n\n\t\t\t\n\t\t\t\t\t<\/div>\n\n\t\t\n\t\t<div data-max-file-size=\"2\" data-file-extensions=\"pdf,jpg,docx\" data-field-type=\"file\" data-field-slug=\"dovada\" class=\"form-group  field dovada field-type-file field-4916  field-required\">\n\t\t\t<label class=\"main-label\" for=\"ccf_field_dovada\">\n\t\t\t\t<span class=\"required\">*<\/span>\t\t\t\tDovada pl\u0103\u021bii\t\t\t<\/label>\n\n\t\t\t<input class=\"form-control  field-input\" required aria-required=\"true\" type=\"file\" name=\"ccf_field_dovada\" id=\"ccf_field_dovada\" placeholder=\"\" value=\"\" accept=\".pdf,.jpg,.docx\">\n\n\t\t\t<div class=\"field-description help-block text-muted\">\n\t\t\t\t\t\t\t\t\tAllowed file extensions are pdf, jpg, docx. \t\t\t\t\t\t\t\tMax file size is 2 MB. \t\t\t\t\t\t\t<\/div>\n\n\t\t\t\t\t<\/div>\n\n\t\t\n\t\t\t\t\t<div class=\"form-submit \">\n\t\t\t\t\t\t<input type=\"submit\" class=\"btn btn-primary ccf-submit-button\" value=\"\u00censcriere\">\n\t\t\t\t\t\t<img class=\"loading-img\" src=\"https:\/\/fungi.ro\/wp-admin\/images\/wpspin_light.gif\">\n\t\t\t\t\t<\/div>\n\n\t\t\t\t\t<script type=\"text\/javascript\">\n\t\t\t\t\twindow.wp = window.wp || {};\n\t\t\t\t\twp.ccf = wp.ccf || {};\n\t\t\t\t\twp.ccf.conditionals = wp.ccf.conditionals || [];\n\t\t\t\t\twp.ccf.conditionals[4564] = [];\n\t\t\t\t\t<\/script>\n\n\t\t\t\t\t<input type=\"hidden\" name=\"form_id\" value=\"4564\">\n\t\t\t\t\t<input type=\"hidden\" name=\"form_page\" value=\"https:\/\/fungi.ro\/en\/wp-json\/wp\/v2\/pages\/47\">\n\t\t\t\t\t<input type=\"text\" name=\"my_information\" style=\"display: none;\">\n\t\t\t\t\t<input type=\"hidden\"  name=\"ccf_form\" value=\"1\">\n\t\t\t\t\t<input type=\"hidden\" name=\"form_nonce\" value=\"3603c90339\">\n\t\t\t\t<\/form>\n\n\t\t\t\t<iframe class=\"ccf-form-frame\" id=\"ccf_form_frame_4564\" name=\"ccf_form_frame_4564\"><\/iframe>\n\t\t\t<\/div>\n\n\t\t\t\n<\/div>\n<p>    <!-- Al doilea Element --><\/p>\n<div style=\"width: 100%; text-align: center;\">\n        <a href=\"https:\/\/balkanfungus2026.com\/\" target=\"_blank\" rel=\"noopener\"><br \/>\n            <img src=\"http:\/\/fungi.ro\/wp-content\/uploads\/2026\/04\/balkanfungus.jpg\" alt=\"Balkan Fungus 2026\" style=\"max-width: 100%; height: auto;\"><br \/>\n        <\/a><\/p>\n<div style=\"margin-top: 10px; font-size: 14px; color: #333; text-align: left; line-height: 1.6; display: block;\">\n<p>\nDistinguished guests and Dear colleagues,<\/p>\n<p>It is a great joy and honor for us to invite you to participate in Balkan Fungus 2026 \u2013 the 4th Balkan Conference on Medical Mycology and Mycotoxicology, which this year is taking place in Cluj-Napoca (Romania) between 1-3 October. Romania is hosting this event second time, after the inaugural edition in Timisoara (2018). This edition aims to bring together colleagues eager to broaden their knowledge about the diagnosis and treatment of fungal infections: microbiologists, clinicians, and veterinarians from as many specialties as possible. During the 3 days of the conference, relying on the experience of our valuable speakers, we intend to bring to you the latest aspects in fungal pathology.<\/p>\n<p>We look forward to seeing you in Cluj-Napoca!<br \/>\nProf. Dr. MIHAELA LUP\u0218E<br \/>\nProf. Dr. MIHAI MARE\u0218<br \/>\n  <a href=\"https:\/\/balkanfungus2026.com\/\" target=\"_blank\" rel=\"noopener\"><br \/>\n<strong>Detalii \u0219i \u00eenscriere<\/strong> <\/a>\n<\/p>\n<\/p><\/div>\n<\/div>\n<div style=\"display: flex; flex-direction: column; align-items: center; gap: 0px; margin: 0 auto; max-width: 650px;\">\n    <!-- Titlu Sec\u021biune --><\/p>\n<h1 id=\"third\" style=\"text-align: center; color: #333; margin-bottom: 10px; font-size: 50px\">Istoric Conferin\u021be<\/h1>\n<p>    <!-- Primul Element --><\/p>\n<div style=\"width: 100%; text-align: center;\">\n        <a href=\"https:\/\/balkanfungus2024.mikologija.org.rs\/\"><br \/>\n            <img src=\"https:\/\/fungi.ro\/wp-content\/uploads\/2024\/06\/BalkanFungus-2024.jpeg\" alt=\"Balkan Fungus 2024\" style=\"width: 100%; height: auto; display: block;\"><br \/>\n        <\/a>\n    <\/div>\n<p>    <!-- Al doilea Element --><\/p>\n<div style=\"width: 100%; text-align: center;\">\n        <a href=\"https:\/\/icc2024.org\/\"><br \/>\n            <img src=\"https:\/\/fungi.ro\/wp-content\/uploads\/2024\/06\/i-c24.jpg\" alt=\"ICC 2024\" style=\"width: 100%; height: auto; display: block;\"><br \/>\n        <\/a>\n    <\/div>\n<\/div>\n","protected":false},"excerpt":{"rendered":"<p>Interna\u021bionale Istoric Conferin\u021be Cursul urm\u0103re\u0219te dezvoltarea micologiei \u00een Rom\u00e2nia, prin predarea de no\u021biuni clare privind epidemiologia, diagnosticul \u0219i managementul infec\u021biilor fungice invazive, \u00een condi\u021biile \u00een care Organiza\u021bia Mondial\u0103 a S\u0103n\u0103t\u0103\u021bii a atras aten\u021bia, \u00eenc\u0103 din 2018 (c\u00e2nd a publicat prima list\u0103 global\u0103 a agen\u021bilor fungici \u201eprioritari\u201d), c\u0103 infec\u021biile fungice invazive reprezint\u0103 o amenin\u021bare emergent\u0103 major\u0103 &hellip; <\/p>\n<p class=\"link-more\"><a href=\"https:\/\/fungi.ro\/en\/events\/\" class=\"more-link\">Continue reading<span class=\"screen-reader-text\"> &#8220;Evenimente&#8221;<\/span><\/a><\/p>\n","protected":false},"author":1,"featured_media":327,"parent":0,"menu_order":0,"comment_status":"closed","ping_status":"closed","template":"","meta":[],"yoast_head":"<!-- This site is optimized with the Yoast SEO plugin v17.8 - https:\/\/yoast.com\/wordpress\/plugins\/seo\/ -->\n<title>Evenimente - Fungi.ro<\/title>\n<meta name=\"robots\" content=\"index, follow, max-snippet:-1, max-image-preview:large, max-video-preview:-1\" \/>\n<link rel=\"canonical\" href=\"https:\/\/fungi.ro\/ro\/evenimente\/\" \/>\n<meta property=\"og:locale\" content=\"en_US\" \/>\n<meta property=\"og:type\" content=\"article\" \/>\n<meta property=\"og:title\" content=\"Evenimente - Fungi.ro\" \/>\n<meta property=\"og:description\" content=\"Interna\u021bionale Istoric Conferin\u021be Cursul urm\u0103re\u0219te dezvoltarea micologiei \u00een Rom\u00e2nia, prin predarea de no\u021biuni clare privind epidemiologia, diagnosticul \u0219i managementul infec\u021biilor fungice invazive, \u00een condi\u021biile \u00een care Organiza\u021bia Mondial\u0103 a S\u0103n\u0103t\u0103\u021bii a atras aten\u021bia, \u00eenc\u0103 din 2018 (c\u00e2nd a publicat prima list\u0103 global\u0103 a agen\u021bilor fungici \u201eprioritari\u201d), c\u0103 infec\u021biile fungice invazive reprezint\u0103 o amenin\u021bare emergent\u0103 major\u0103 &hellip; Continue reading &quot;Evenimente&quot;\" \/>\n<meta property=\"og:url\" content=\"https:\/\/fungi.ro\/ro\/evenimente\/\" \/>\n<meta property=\"og:site_name\" content=\"Fungi.ro\" \/>\n<meta property=\"article:modified_time\" content=\"2026-04-14T16:16:41+00:00\" \/>\n<meta property=\"og:image\" content=\"https:\/\/fungi.ro\/wp-content\/uploads\/2016\/12\/calendar.jpg\" \/>\n\t<meta property=\"og:image:width\" content=\"3708\" \/>\n\t<meta property=\"og:image:height\" content=\"1432\" \/>\n<meta name=\"twitter:card\" content=\"summary\" \/>\n<meta name=\"twitter:label1\" content=\"Est. reading time\" \/>\n\t<meta name=\"twitter:data1\" content=\"4 minutes\" \/>\n<script type=\"application\/ld+json\" class=\"yoast-schema-graph\">{\"@context\":\"https:\/\/schema.org\",\"@graph\":[{\"@type\":\"WebSite\",\"@id\":\"https:\/\/fungi.ro\/ro\/#website\",\"url\":\"https:\/\/fungi.ro\/ro\/\",\"name\":\"Fungi.ro\",\"description\":\"Societatea Rom\\u00e2n\\u0103 de Micologie Medical\\u0103 \\u0219i Micotoxicologie\",\"potentialAction\":[{\"@type\":\"SearchAction\",\"target\":{\"@type\":\"EntryPoint\",\"urlTemplate\":\"https:\/\/fungi.ro\/ro\/?s={search_term_string}\"},\"query-input\":\"required name=search_term_string\"}],\"inLanguage\":\"\"},{\"@type\":\"ImageObject\",\"@id\":\"https:\/\/fungi.ro\/ro\/evenimente\/#primaryimage\",\"inLanguage\":\"\",\"url\":\"https:\/\/fungi.ro\/wp-content\/uploads\/2016\/12\/calendar.jpg\",\"contentUrl\":\"https:\/\/fungi.ro\/wp-content\/uploads\/2016\/12\/calendar.jpg\",\"width\":3708,\"height\":1432,\"caption\":\"Open Calendar\"},{\"@type\":\"WebPage\",\"@id\":\"https:\/\/fungi.ro\/ro\/evenimente\/#webpage\",\"url\":\"https:\/\/fungi.ro\/ro\/evenimente\/\",\"name\":\"Evenimente - Fungi.ro\",\"isPartOf\":{\"@id\":\"https:\/\/fungi.ro\/ro\/#website\"},\"primaryImageOfPage\":{\"@id\":\"https:\/\/fungi.ro\/ro\/evenimente\/#primaryimage\"},\"datePublished\":\"2016-12-13T09:45:30+00:00\",\"dateModified\":\"2026-04-14T16:16:41+00:00\",\"breadcrumb\":{\"@id\":\"https:\/\/fungi.ro\/ro\/evenimente\/#breadcrumb\"},\"inLanguage\":\"\",\"potentialAction\":[{\"@type\":\"ReadAction\",\"target\":[\"https:\/\/fungi.ro\/ro\/evenimente\/\"]}]},{\"@type\":\"BreadcrumbList\",\"@id\":\"https:\/\/fungi.ro\/ro\/evenimente\/#breadcrumb\",\"itemListElement\":[{\"@type\":\"ListItem\",\"position\":1,\"name\":\"Home\",\"item\":\"https:\/\/fungi.ro\/ro\/\"},{\"@type\":\"ListItem\",\"position\":2,\"name\":\"Evenimente\"}]}]}<\/script>\n<!-- \/ Yoast SEO plugin. -->","yoast_head_json":{"title":"Evenimente - Fungi.ro","robots":{"index":"index","follow":"follow","max-snippet":"max-snippet:-1","max-image-preview":"max-image-preview:large","max-video-preview":"max-video-preview:-1"},"canonical":"https:\/\/fungi.ro\/ro\/evenimente\/","og_locale":"en_US","og_type":"article","og_title":"Evenimente - Fungi.ro","og_description":"Interna\u021bionale Istoric Conferin\u021be Cursul urm\u0103re\u0219te dezvoltarea micologiei \u00een Rom\u00e2nia, prin predarea de no\u021biuni clare privind epidemiologia, diagnosticul \u0219i managementul infec\u021biilor fungice invazive, \u00een condi\u021biile \u00een care Organiza\u021bia Mondial\u0103 a S\u0103n\u0103t\u0103\u021bii a atras aten\u021bia, \u00eenc\u0103 din 2018 (c\u00e2nd a publicat prima list\u0103 global\u0103 a agen\u021bilor fungici \u201eprioritari\u201d), c\u0103 infec\u021biile fungice invazive reprezint\u0103 o amenin\u021bare emergent\u0103 major\u0103 &hellip; Continue reading \"Evenimente\"","og_url":"https:\/\/fungi.ro\/ro\/evenimente\/","og_site_name":"Fungi.ro","article_modified_time":"2026-04-14T16:16:41+00:00","og_image":[{"width":3708,"height":1432,"url":"https:\/\/fungi.ro\/wp-content\/uploads\/2016\/12\/calendar.jpg","type":"image\/jpeg"}],"twitter_card":"summary","twitter_misc":{"Est. reading time":"4 minutes"},"schema":{"@context":"https:\/\/schema.org","@graph":[{"@type":"WebSite","@id":"https:\/\/fungi.ro\/ro\/#website","url":"https:\/\/fungi.ro\/ro\/","name":"Fungi.ro","description":"Societatea Rom\u00e2n\u0103 de Micologie Medical\u0103 \u0219i Micotoxicologie","potentialAction":[{"@type":"SearchAction","target":{"@type":"EntryPoint","urlTemplate":"https:\/\/fungi.ro\/ro\/?s={search_term_string}"},"query-input":"required name=search_term_string"}],"inLanguage":""},{"@type":"ImageObject","@id":"https:\/\/fungi.ro\/ro\/evenimente\/#primaryimage","inLanguage":"","url":"https:\/\/fungi.ro\/wp-content\/uploads\/2016\/12\/calendar.jpg","contentUrl":"https:\/\/fungi.ro\/wp-content\/uploads\/2016\/12\/calendar.jpg","width":3708,"height":1432,"caption":"Open Calendar"},{"@type":"WebPage","@id":"https:\/\/fungi.ro\/ro\/evenimente\/#webpage","url":"https:\/\/fungi.ro\/ro\/evenimente\/","name":"Evenimente - Fungi.ro","isPartOf":{"@id":"https:\/\/fungi.ro\/ro\/#website"},"primaryImageOfPage":{"@id":"https:\/\/fungi.ro\/ro\/evenimente\/#primaryimage"},"datePublished":"2016-12-13T09:45:30+00:00","dateModified":"2026-04-14T16:16:41+00:00","breadcrumb":{"@id":"https:\/\/fungi.ro\/ro\/evenimente\/#breadcrumb"},"inLanguage":"","potentialAction":[{"@type":"ReadAction","target":["https:\/\/fungi.ro\/ro\/evenimente\/"]}]},{"@type":"BreadcrumbList","@id":"https:\/\/fungi.ro\/ro\/evenimente\/#breadcrumb","itemListElement":[{"@type":"ListItem","position":1,"name":"Home","item":"https:\/\/fungi.ro\/ro\/"},{"@type":"ListItem","position":2,"name":"Evenimente"}]}]}},"_links":{"self":[{"href":"https:\/\/fungi.ro\/en\/wp-json\/wp\/v2\/pages\/47"}],"collection":[{"href":"https:\/\/fungi.ro\/en\/wp-json\/wp\/v2\/pages"}],"about":[{"href":"https:\/\/fungi.ro\/en\/wp-json\/wp\/v2\/types\/page"}],"author":[{"embeddable":true,"href":"https:\/\/fungi.ro\/en\/wp-json\/wp\/v2\/users\/1"}],"replies":[{"embeddable":true,"href":"https:\/\/fungi.ro\/en\/wp-json\/wp\/v2\/comments?post=47"}],"version-history":[{"count":167,"href":"https:\/\/fungi.ro\/en\/wp-json\/wp\/v2\/pages\/47\/revisions"}],"predecessor-version":[{"id":4918,"href":"https:\/\/fungi.ro\/en\/wp-json\/wp\/v2\/pages\/47\/revisions\/4918"}],"wp:featuredmedia":[{"embeddable":true,"href":"https:\/\/fungi.ro\/en\/wp-json\/wp\/v2\/media\/327"}],"wp:attachment":[{"href":"https:\/\/fungi.ro\/en\/wp-json\/wp\/v2\/media?parent=47"}],"curies":[{"name":"wp","href":"https:\/\/api.w.org\/{rel}","templated":true}]}}