{"id":16,"date":"2016-12-13T09:16:12","date_gmt":"2016-12-13T09:16:12","guid":{"rendered":"http:\/\/localhost\/wordpress\/?page_id=16"},"modified":"2022-03-29T11:32:01","modified_gmt":"2022-03-29T09:32:01","slug":"16-2","status":"publish","type":"page","link":"https:\/\/fungi.ro\/ro\/","title":{"rendered":""},"content":{"rendered":"<div class=\"carousel\">\n<div class=\"elem\">\n<h1><span style=\"color: #ccffff;\">FUNGI.RO<\/span><\/h1>\n<div class=\"content\"><span style=\"color: #ccffff;\">Societatea Rom\u00e2n\u0103 de Micologie Medical\u0103 \u0219i Micotoxicologie<\/span><\/div>\n<\/div>\n<div class=\"elem\">\n<h1><span style=\"color: #ccffff;\">Motto<\/span><\/h1>\n<div class=\"content\"><span style=\"color: #ccffff;\">\u201e\u00cen\u021belepciunea vie\u021bii e simpl\u0103: f\u0103 ca pe unde ai trecut s\u0103 fie mai bine ca \u00eenainte\u201d<br \/>\nNicolae Iorga<\/span><\/div>\n<\/div>\n<\/div>\n","protected":false},"excerpt":{"rendered":"<p>FUNGI.RO Societatea Rom\u00e2n\u0103 de Micologie Medical\u0103 \u0219i Micotoxicologie Motto \u201e\u00cen\u021belepciunea vie\u021bii e simpl\u0103: f\u0103 ca pe unde ai trecut s\u0103 fie mai bine ca \u00eenainte\u201d Nicolae Iorga<\/p>\n","protected":false},"author":1,"featured_media":90,"parent":0,"menu_order":0,"comment_status":"closed","ping_status":"closed","template":"","meta":[],"yoast_head":"<!-- This site is optimized with the Yoast SEO plugin v17.8 - https:\/\/yoast.com\/wordpress\/plugins\/seo\/ -->\n<title>Fungi.ro - Societatea Rom\u00e2n\u0103 de Micologie Medical\u0103 \u0219i Micotoxicologie<\/title>\n<meta name=\"description\" content=\"Siteul fungi.ro este asociat cu Societatea Rom\u00e2n\u0103 de Micologie Medical\u0103 \u0219i Micotoxicologie. Aflati mai multe despre organizatia noastra vizitand acest site.\" \/>\n<meta name=\"robots\" content=\"index, follow, max-snippet:-1, max-image-preview:large, max-video-preview:-1\" \/>\n<link rel=\"canonical\" href=\"https:\/\/fungi.ro\/ro\/\" \/>\n<meta property=\"og:locale\" content=\"en_US\" \/>\n<meta property=\"og:type\" content=\"article\" \/>\n<meta property=\"og:title\" content=\"Fungi.ro - Societatea Rom\u00e2n\u0103 de Micologie Medical\u0103 \u0219i Micotoxicologie\" \/>\n<meta property=\"og:description\" content=\"Siteul fungi.ro este asociat cu Societatea Rom\u00e2n\u0103 de Micologie Medical\u0103 \u0219i Micotoxicologie. Aflati mai multe despre organizatia noastra vizitand acest site.\" \/>\n<meta property=\"og:url\" content=\"https:\/\/fungi.ro\/ro\/\" \/>\n<meta property=\"og:site_name\" content=\"Fungi.ro\" \/>\n<meta property=\"article:modified_time\" content=\"2022-03-29T09:32:01+00:00\" \/>\n<meta property=\"og:image\" content=\"https:\/\/fungi.ro\/wp-content\/uploads\/2016\/12\/slider-bg.jpg\" \/>\n\t<meta property=\"og:image:width\" content=\"2048\" \/>\n\t<meta property=\"og:image:height\" content=\"1169\" \/>\n<meta name=\"twitter:card\" content=\"summary\" \/>\n<script type=\"application\/ld+json\" class=\"yoast-schema-graph\">{\"@context\":\"https:\/\/schema.org\",\"@graph\":[{\"@type\":\"WebSite\",\"@id\":\"https:\/\/fungi.ro\/ro\/#website\",\"url\":\"https:\/\/fungi.ro\/ro\/\",\"name\":\"Fungi.ro\",\"description\":\"Societatea Rom\\u00e2n\\u0103 de Micologie Medical\\u0103 \\u0219i Micotoxicologie\",\"potentialAction\":[{\"@type\":\"SearchAction\",\"target\":{\"@type\":\"EntryPoint\",\"urlTemplate\":\"https:\/\/fungi.ro\/ro\/?s={search_term_string}\"},\"query-input\":\"required name=search_term_string\"}],\"inLanguage\":\"\"},{\"@type\":\"ImageObject\",\"@id\":\"https:\/\/fungi.ro\/ro\/#primaryimage\",\"inLanguage\":\"\",\"url\":\"https:\/\/fungi.ro\/wp-content\/uploads\/2016\/12\/slider-bg.jpg\",\"contentUrl\":\"https:\/\/fungi.ro\/wp-content\/uploads\/2016\/12\/slider-bg.jpg\",\"width\":2048,\"height\":1169},{\"@type\":\"WebPage\",\"@id\":\"https:\/\/fungi.ro\/ro\/#webpage\",\"url\":\"https:\/\/fungi.ro\/ro\/\",\"name\":\"Fungi.ro - Societatea Rom\\u00e2n\\u0103 de Micologie Medical\\u0103 \\u0219i Micotoxicologie\",\"isPartOf\":{\"@id\":\"https:\/\/fungi.ro\/ro\/#website\"},\"primaryImageOfPage\":{\"@id\":\"https:\/\/fungi.ro\/ro\/#primaryimage\"},\"datePublished\":\"2016-12-13T09:16:12+00:00\",\"dateModified\":\"2022-03-29T09:32:01+00:00\",\"description\":\"Siteul fungi.ro este asociat cu Societatea Rom\\u00e2n\\u0103 de Micologie Medical\\u0103 \\u0219i Micotoxicologie. Aflati mai multe despre organizatia noastra vizitand acest site.\",\"breadcrumb\":{\"@id\":\"https:\/\/fungi.ro\/ro\/#breadcrumb\"},\"inLanguage\":\"\",\"potentialAction\":[{\"@type\":\"ReadAction\",\"target\":[\"https:\/\/fungi.ro\/ro\/\"]}]},{\"@type\":\"BreadcrumbList\",\"@id\":\"https:\/\/fungi.ro\/ro\/#breadcrumb\",\"itemListElement\":[{\"@type\":\"ListItem\",\"position\":1,\"name\":\"Home\",\"item\":\"https:\/\/fungi.ro\/ro\/\"},{\"@type\":\"ListItem\",\"position\":2,\"name\":\"\"}]}]}<\/script>\n<!-- \/ Yoast SEO plugin. -->","yoast_head_json":{"title":"Fungi.ro - Societatea Rom\u00e2n\u0103 de Micologie Medical\u0103 \u0219i Micotoxicologie","description":"Siteul fungi.ro este asociat cu Societatea Rom\u00e2n\u0103 de Micologie Medical\u0103 \u0219i Micotoxicologie. Aflati mai multe despre organizatia noastra vizitand acest site.","robots":{"index":"index","follow":"follow","max-snippet":"max-snippet:-1","max-image-preview":"max-image-preview:large","max-video-preview":"max-video-preview:-1"},"canonical":"https:\/\/fungi.ro\/ro\/","og_locale":"en_US","og_type":"article","og_title":"Fungi.ro - Societatea Rom\u00e2n\u0103 de Micologie Medical\u0103 \u0219i Micotoxicologie","og_description":"Siteul fungi.ro este asociat cu Societatea Rom\u00e2n\u0103 de Micologie Medical\u0103 \u0219i Micotoxicologie. Aflati mai multe despre organizatia noastra vizitand acest site.","og_url":"https:\/\/fungi.ro\/ro\/","og_site_name":"Fungi.ro","article_modified_time":"2022-03-29T09:32:01+00:00","og_image":[{"width":2048,"height":1169,"url":"https:\/\/fungi.ro\/wp-content\/uploads\/2016\/12\/slider-bg.jpg","type":"image\/jpeg"}],"twitter_card":"summary","schema":{"@context":"https:\/\/schema.org","@graph":[{"@type":"WebSite","@id":"https:\/\/fungi.ro\/ro\/#website","url":"https:\/\/fungi.ro\/ro\/","name":"Fungi.ro","description":"Societatea Rom\u00e2n\u0103 de Micologie Medical\u0103 \u0219i Micotoxicologie","potentialAction":[{"@type":"SearchAction","target":{"@type":"EntryPoint","urlTemplate":"https:\/\/fungi.ro\/ro\/?s={search_term_string}"},"query-input":"required name=search_term_string"}],"inLanguage":""},{"@type":"ImageObject","@id":"https:\/\/fungi.ro\/ro\/#primaryimage","inLanguage":"","url":"https:\/\/fungi.ro\/wp-content\/uploads\/2016\/12\/slider-bg.jpg","contentUrl":"https:\/\/fungi.ro\/wp-content\/uploads\/2016\/12\/slider-bg.jpg","width":2048,"height":1169},{"@type":"WebPage","@id":"https:\/\/fungi.ro\/ro\/#webpage","url":"https:\/\/fungi.ro\/ro\/","name":"Fungi.ro - Societatea Rom\u00e2n\u0103 de Micologie Medical\u0103 \u0219i Micotoxicologie","isPartOf":{"@id":"https:\/\/fungi.ro\/ro\/#website"},"primaryImageOfPage":{"@id":"https:\/\/fungi.ro\/ro\/#primaryimage"},"datePublished":"2016-12-13T09:16:12+00:00","dateModified":"2022-03-29T09:32:01+00:00","description":"Siteul fungi.ro este asociat cu Societatea Rom\u00e2n\u0103 de Micologie Medical\u0103 \u0219i Micotoxicologie. Aflati mai multe despre organizatia noastra vizitand acest site.","breadcrumb":{"@id":"https:\/\/fungi.ro\/ro\/#breadcrumb"},"inLanguage":"","potentialAction":[{"@type":"ReadAction","target":["https:\/\/fungi.ro\/ro\/"]}]},{"@type":"BreadcrumbList","@id":"https:\/\/fungi.ro\/ro\/#breadcrumb","itemListElement":[{"@type":"ListItem","position":1,"name":"Home","item":"https:\/\/fungi.ro\/ro\/"},{"@type":"ListItem","position":2,"name":""}]}]}},"_links":{"self":[{"href":"https:\/\/fungi.ro\/ro\/wp-json\/wp\/v2\/pages\/16"}],"collection":[{"href":"https:\/\/fungi.ro\/ro\/wp-json\/wp\/v2\/pages"}],"about":[{"href":"https:\/\/fungi.ro\/ro\/wp-json\/wp\/v2\/types\/page"}],"author":[{"embeddable":true,"href":"https:\/\/fungi.ro\/ro\/wp-json\/wp\/v2\/users\/1"}],"replies":[{"embeddable":true,"href":"https:\/\/fungi.ro\/ro\/wp-json\/wp\/v2\/comments?post=16"}],"version-history":[{"count":11,"href":"https:\/\/fungi.ro\/ro\/wp-json\/wp\/v2\/pages\/16\/revisions"}],"predecessor-version":[{"id":1700,"href":"https:\/\/fungi.ro\/ro\/wp-json\/wp\/v2\/pages\/16\/revisions\/1700"}],"wp:featuredmedia":[{"embeddable":true,"href":"https:\/\/fungi.ro\/ro\/wp-json\/wp\/v2\/media\/90"}],"wp:attachment":[{"href":"https:\/\/fungi.ro\/ro\/wp-json\/wp\/v2\/media?parent=16"}],"curies":[{"name":"wp","href":"https:\/\/api.w.org\/{rel}","templated":true}]}}