{"id":38,"date":"2016-12-13T09:44:05","date_gmt":"2016-12-13T09:44:05","guid":{"rendered":"http:\/\/localhost\/wordpress\/?page_id=38"},"modified":"2017-03-27T14:22:22","modified_gmt":"2017-03-27T12:22:22","slug":"publicatii","status":"publish","type":"page","link":"https:\/\/fungi.ro\/ro\/publicatii\/","title":{"rendered":"Publicatii"},"content":{"rendered":"<ul class=\"listpop fixbooks\">\n<li> <a href=\"#first\">Carti<\/a>\n<\/li>\n<li> <a href=\"#second\">Ghiduri si protocoale<\/a>\n<\/li>\n<\/ul>\n<div class=\"listpopart highlighta csstransforms3d\">\n<ul id=\"first\" class=\"books\">\n<li class=\"book\"><a href=\"http:\/\/fungi.ro\/wp-content\/uploads\/2016\/12\/ghidcucip1.pdf\"><img loading=\"lazy\" src=\"http:\/\/fungi.ro\/wp-content\/uploads\/2016\/12\/item2.jpg\" alt=\"\" width=\"200\" height=\"287\" class=\"alignnone size-medium wp-image-365\" \/><\/a>\n<\/li>\n<li class=\"book\"><a href=\"http:\/\/fungi.ro\/wp-content\/uploads\/2016\/12\/Terapia-antifungica-med-vet.pdf\"><img loading=\"lazy\" src=\"http:\/\/fungi.ro\/wp-content\/uploads\/2016\/12\/item3.jpg\" alt=\"\" width=\"200\" height=\"287\" class=\"alignnone size-medium wp-image-365\" \/><\/a>\n<\/li>\n<\/ul>\n<ul id=\"second\">\n<li>\n<a href=\"http:\/\/fungi.ro\/wp-content\/uploads\/2016\/12\/2014-CMI-Supplement-3.pdf\">ESCMID and ECMM Guidelines for the Management of Rare and Emerging Fungal Infections 2014<\/a>\n<\/li>\n<\/p>\n<p><\/p>\n<\/p>\n<li>\n<a href=\"http:\/\/fungi.ro\/wp-content\/uploads\/2016\/12\/Denning-Eur-Respir-J-2016-Chronic-pulmonary-aspergillosis-rationale-and-clinical-guidelines-for-diagnosis-and-management.pdf\">&#8211; ESCMID\/ERS Guideline: Chronic pulmonary aspergillosis: rationale and clinical guidelines for diagnosis and management 2016<\/a><\/p>\n<\/li>\n<p><\/p>\n<\/p>\n<li>\n<a href=\"http:\/\/fungi.ro\/wp-content\/uploads\/2013\/01\/ESCMID_1.pdf\">ESCMID guideline for the diagnosis and management of Candida diseases 2012: diagnostic procedures<\/a>\n<\/li>\n<\/p>\n<p><\/p>\n<\/p>\n<li>\n<a href=\"http:\/\/fungi.ro\/wp-content\/uploads\/2013\/01\/ESCMID_2.pdf\">ESCMID guideline for the diagnosis and management of Candida diseases 2012: adults with haematological malignancies and after haematopoietic stem cell transplantation<\/a>\n<\/li>\n<\/p>\n<p><\/p>\n<\/p>\n<li>\n<a href=\"http:\/\/fungi.ro\/wp-content\/uploads\/2013\/01\/ESCMID_3.pdf\">ESCMID guideline for the diagnosis and management of Candida diseases 2012: patients with HIV infection or AIDS<\/a>\n<\/li>\n<\/p>\n<p><\/p>\n<\/p>\n<li>\n<a href=\"http:\/\/fungi.ro\/wp-content\/uploads\/2013\/01\/ESCMID_4.pdf\">ESCMID guideline for the diagnosis and management of Candida diseases 2012: prevention and management of invasive infections in neonates and children caused by Candida spp.<\/a>\n<\/li>\n<\/p>\n<p><\/p>\n<\/p>\n<li>\n<a href=\"http:\/\/fungi.ro\/wp-content\/uploads\/2013\/01\/ESCMID_5.pdf\">ESCMID guideline for the diagnosis and management of Candida diseases 2012: non-neutropenic adult patients<\/a>\n<\/li>\n<\/p>\n<p><\/p>\n<\/p>\n<li>\n<a href=\"http:\/\/fungi.ro\/wp-content\/uploads\/2013\/01\/ESCMID_6.pdf\">ESCMID guideline for the diagnosis and management of Candida diseases 2012: prevention and management of invasive infections in neonates and children caused by Candida spp.<\/a>\n<\/li>\n<\/p>\n<p><\/p>\n<\/p>\n<li>\n<a href=\"http:\/\/fungi.ro\/wp-content\/uploads\/2013\/01\/DMykG.pdf\">DMykG Guideline Vulvovaginal Candidosis<\/a>\n<\/li>\n<\/ul>\n<\/div>\n","protected":false},"excerpt":{"rendered":"<p>Carti Ghiduri si protocoale ESCMID and ECMM Guidelines for the Management of Rare and Emerging Fungal Infections 2014 &#8211; ESCMID\/ERS Guideline: Chronic pulmonary aspergillosis: rationale and clinical guidelines for diagnosis and management 2016 ESCMID guideline for the diagnosis and management of Candida diseases 2012: diagnostic procedures ESCMID guideline for the diagnosis and management of Candida &hellip; <\/p>\n<p class=\"link-more\"><a href=\"https:\/\/fungi.ro\/ro\/publicatii\/\" class=\"more-link\">Continue reading<span class=\"screen-reader-text\"> &#8220;Publicatii&#8221;<\/span><\/a><\/p>\n","protected":false},"author":1,"featured_media":419,"parent":0,"menu_order":0,"comment_status":"closed","ping_status":"closed","template":"","meta":[],"yoast_head":"<!-- This site is optimized with the Yoast SEO plugin v17.8 - https:\/\/yoast.com\/wordpress\/plugins\/seo\/ -->\n<title>Publicatii - Fungi.ro<\/title>\n<meta name=\"robots\" content=\"index, follow, max-snippet:-1, max-image-preview:large, max-video-preview:-1\" \/>\n<link rel=\"canonical\" href=\"https:\/\/fungi.ro\/ro\/publicatii\/\" \/>\n<meta property=\"og:locale\" content=\"en_US\" \/>\n<meta property=\"og:type\" content=\"article\" \/>\n<meta property=\"og:title\" content=\"Publicatii - Fungi.ro\" \/>\n<meta property=\"og:description\" content=\"Carti Ghiduri si protocoale ESCMID and ECMM Guidelines for the Management of Rare and Emerging Fungal Infections 2014 &#8211; ESCMID\/ERS Guideline: Chronic pulmonary aspergillosis: rationale and clinical guidelines for diagnosis and management 2016 ESCMID guideline for the diagnosis and management of Candida diseases 2012: diagnostic procedures ESCMID guideline for the diagnosis and management of Candida &hellip; Continue reading &quot;Publicatii&quot;\" \/>\n<meta property=\"og:url\" content=\"https:\/\/fungi.ro\/ro\/publicatii\/\" \/>\n<meta property=\"og:site_name\" content=\"Fungi.ro\" \/>\n<meta property=\"article:modified_time\" content=\"2017-03-27T12:22:22+00:00\" \/>\n<meta property=\"og:image\" content=\"https:\/\/fungi.ro\/wp-content\/uploads\/2016\/12\/enrich-magazine-banner-01.png\" \/>\n\t<meta property=\"og:image:width\" content=\"2000\" \/>\n\t<meta property=\"og:image:height\" content=\"667\" \/>\n<meta name=\"twitter:card\" content=\"summary\" \/>\n<meta name=\"twitter:label1\" content=\"Est. reading time\" \/>\n\t<meta name=\"twitter:data1\" content=\"1 minute\" \/>\n<script type=\"application\/ld+json\" class=\"yoast-schema-graph\">{\"@context\":\"https:\/\/schema.org\",\"@graph\":[{\"@type\":\"WebSite\",\"@id\":\"https:\/\/fungi.ro\/ro\/#website\",\"url\":\"https:\/\/fungi.ro\/ro\/\",\"name\":\"Fungi.ro\",\"description\":\"Societatea Rom\\u00e2n\\u0103 de Micologie Medical\\u0103 \\u0219i Micotoxicologie\",\"potentialAction\":[{\"@type\":\"SearchAction\",\"target\":{\"@type\":\"EntryPoint\",\"urlTemplate\":\"https:\/\/fungi.ro\/ro\/?s={search_term_string}\"},\"query-input\":\"required name=search_term_string\"}],\"inLanguage\":\"\"},{\"@type\":\"ImageObject\",\"@id\":\"https:\/\/fungi.ro\/ro\/publicatii\/#primaryimage\",\"inLanguage\":\"\",\"url\":\"https:\/\/fungi.ro\/wp-content\/uploads\/2016\/12\/enrich-magazine-banner-01.png\",\"contentUrl\":\"https:\/\/fungi.ro\/wp-content\/uploads\/2016\/12\/enrich-magazine-banner-01.png\",\"width\":2000,\"height\":667},{\"@type\":\"WebPage\",\"@id\":\"https:\/\/fungi.ro\/ro\/publicatii\/#webpage\",\"url\":\"https:\/\/fungi.ro\/ro\/publicatii\/\",\"name\":\"Publicatii - Fungi.ro\",\"isPartOf\":{\"@id\":\"https:\/\/fungi.ro\/ro\/#website\"},\"primaryImageOfPage\":{\"@id\":\"https:\/\/fungi.ro\/ro\/publicatii\/#primaryimage\"},\"datePublished\":\"2016-12-13T09:44:05+00:00\",\"dateModified\":\"2017-03-27T12:22:22+00:00\",\"breadcrumb\":{\"@id\":\"https:\/\/fungi.ro\/ro\/publicatii\/#breadcrumb\"},\"inLanguage\":\"\",\"potentialAction\":[{\"@type\":\"ReadAction\",\"target\":[\"https:\/\/fungi.ro\/ro\/publicatii\/\"]}]},{\"@type\":\"BreadcrumbList\",\"@id\":\"https:\/\/fungi.ro\/ro\/publicatii\/#breadcrumb\",\"itemListElement\":[{\"@type\":\"ListItem\",\"position\":1,\"name\":\"Home\",\"item\":\"https:\/\/fungi.ro\/ro\/\"},{\"@type\":\"ListItem\",\"position\":2,\"name\":\"Publicatii\"}]}]}<\/script>\n<!-- \/ Yoast SEO plugin. -->","yoast_head_json":{"title":"Publicatii - Fungi.ro","robots":{"index":"index","follow":"follow","max-snippet":"max-snippet:-1","max-image-preview":"max-image-preview:large","max-video-preview":"max-video-preview:-1"},"canonical":"https:\/\/fungi.ro\/ro\/publicatii\/","og_locale":"en_US","og_type":"article","og_title":"Publicatii - Fungi.ro","og_description":"Carti Ghiduri si protocoale ESCMID and ECMM Guidelines for the Management of Rare and Emerging Fungal Infections 2014 &#8211; ESCMID\/ERS Guideline: Chronic pulmonary aspergillosis: rationale and clinical guidelines for diagnosis and management 2016 ESCMID guideline for the diagnosis and management of Candida diseases 2012: diagnostic procedures ESCMID guideline for the diagnosis and management of Candida &hellip; Continue reading \"Publicatii\"","og_url":"https:\/\/fungi.ro\/ro\/publicatii\/","og_site_name":"Fungi.ro","article_modified_time":"2017-03-27T12:22:22+00:00","og_image":[{"width":2000,"height":667,"url":"https:\/\/fungi.ro\/wp-content\/uploads\/2016\/12\/enrich-magazine-banner-01.png","type":"image\/png"}],"twitter_card":"summary","twitter_misc":{"Est. reading time":"1 minute"},"schema":{"@context":"https:\/\/schema.org","@graph":[{"@type":"WebSite","@id":"https:\/\/fungi.ro\/ro\/#website","url":"https:\/\/fungi.ro\/ro\/","name":"Fungi.ro","description":"Societatea Rom\u00e2n\u0103 de Micologie Medical\u0103 \u0219i Micotoxicologie","potentialAction":[{"@type":"SearchAction","target":{"@type":"EntryPoint","urlTemplate":"https:\/\/fungi.ro\/ro\/?s={search_term_string}"},"query-input":"required name=search_term_string"}],"inLanguage":""},{"@type":"ImageObject","@id":"https:\/\/fungi.ro\/ro\/publicatii\/#primaryimage","inLanguage":"","url":"https:\/\/fungi.ro\/wp-content\/uploads\/2016\/12\/enrich-magazine-banner-01.png","contentUrl":"https:\/\/fungi.ro\/wp-content\/uploads\/2016\/12\/enrich-magazine-banner-01.png","width":2000,"height":667},{"@type":"WebPage","@id":"https:\/\/fungi.ro\/ro\/publicatii\/#webpage","url":"https:\/\/fungi.ro\/ro\/publicatii\/","name":"Publicatii - Fungi.ro","isPartOf":{"@id":"https:\/\/fungi.ro\/ro\/#website"},"primaryImageOfPage":{"@id":"https:\/\/fungi.ro\/ro\/publicatii\/#primaryimage"},"datePublished":"2016-12-13T09:44:05+00:00","dateModified":"2017-03-27T12:22:22+00:00","breadcrumb":{"@id":"https:\/\/fungi.ro\/ro\/publicatii\/#breadcrumb"},"inLanguage":"","potentialAction":[{"@type":"ReadAction","target":["https:\/\/fungi.ro\/ro\/publicatii\/"]}]},{"@type":"BreadcrumbList","@id":"https:\/\/fungi.ro\/ro\/publicatii\/#breadcrumb","itemListElement":[{"@type":"ListItem","position":1,"name":"Home","item":"https:\/\/fungi.ro\/ro\/"},{"@type":"ListItem","position":2,"name":"Publicatii"}]}]}},"_links":{"self":[{"href":"https:\/\/fungi.ro\/ro\/wp-json\/wp\/v2\/pages\/38"}],"collection":[{"href":"https:\/\/fungi.ro\/ro\/wp-json\/wp\/v2\/pages"}],"about":[{"href":"https:\/\/fungi.ro\/ro\/wp-json\/wp\/v2\/types\/page"}],"author":[{"embeddable":true,"href":"https:\/\/fungi.ro\/ro\/wp-json\/wp\/v2\/users\/1"}],"replies":[{"embeddable":true,"href":"https:\/\/fungi.ro\/ro\/wp-json\/wp\/v2\/comments?post=38"}],"version-history":[{"count":28,"href":"https:\/\/fungi.ro\/ro\/wp-json\/wp\/v2\/pages\/38\/revisions"}],"predecessor-version":[{"id":1593,"href":"https:\/\/fungi.ro\/ro\/wp-json\/wp\/v2\/pages\/38\/revisions\/1593"}],"wp:featuredmedia":[{"embeddable":true,"href":"https:\/\/fungi.ro\/ro\/wp-json\/wp\/v2\/media\/419"}],"wp:attachment":[{"href":"https:\/\/fungi.ro\/ro\/wp-json\/wp\/v2\/media?parent=38"}],"curies":[{"name":"wp","href":"https:\/\/api.w.org\/{rel}","templated":true}]}}