{"id":43,"date":"2016-12-13T09:44:54","date_gmt":"2016-12-13T09:44:54","guid":{"rendered":"http:\/\/localhost\/wordpress\/?page_id=43"},"modified":"2019-11-19T11:32:12","modified_gmt":"2019-11-19T09:32:12","slug":"membri","status":"publish","type":"page","link":"https:\/\/fungi.ro\/ro\/membri\/","title":{"rendered":"Membri"},"content":{"rendered":"<div class=\"col-md-4\">\n<ul class=\"timeline\">\n<li class=\"time-label\"><span class=\"bg-blue\">Membri de onoare<\/span><\/li>\n<div class=\"timeline-item\">\n<div class=\"timeline-body\">\n<div class=\"team-member text-center\">\n<figure class=\"member-photo\"><img src=\"http:\/\/fungi.ro\/wp-content\/uploads\/2016\/12\/team1.png\" alt=\"\" \/><\/figure>\n<div class=\"team-detail\">\n<h4>Glenn D. Roberts<\/h4>\n<p><span class=\"text-bold\"><\/span>Profesor de Microbiologie \u0219i Medicin\u0103 de laborator Mayo Clinic \u2013 Rochester (Minnesota), SUA<\/p>\n<\/div>\n<\/div>\n<div class=\"team-member text-center\">\n<figure class=\"member-photo\"><img src=\"http:\/\/fungi.ro\/wp-content\/uploads\/2016\/12\/team2.jpg\" alt=\"\" \/><\/figure>\n<div class=\"team-detail\">\n<h4>Dumitru T. Buiuc<\/h4>\n<p><span class=\"text-bold\"><\/span>Profesor de Microbiologie Universitatea de Medicin\u0103 \u0219i Farmacie Gr. T. Popa \u2013 Ia\u0219i, Romania<\/p>\n<\/div>\n<\/div>\n<\/div>\n<\/div>\n<\/li>\n<\/ul>\n<\/div>\n<div class=\"col-md-offset-1 col-md-7\">\n<div data-scrollreveal=\"enter right\">\n<ul class=\"timeline\">\n<li class=\"time-label\"><span class=\"bg-green\">Consiliul director<\/span><\/li>\n<div class=\"timeline-item\">\n<div class=\"timeline-body\">\n<div class=\"membri\"><strong>PRE\u0218EDINTE<\/strong>: Mihai MARE\u0218<br \/>\nE-mail: mihaimares@fungi.ro<br \/>\n<strong>VICE-PRE\u0218EDINTE:<\/strong> Ingrid Cezara APETREI<br \/>\nE-mail: ingridapetrei@gmail.com<br \/>\n<strong>SECRETAR-GENERAL<\/strong>: Valentin N\u0102STAS\u0102<br \/>\nE-mail: alvali2003@yahoo.com<br \/>\n<strong>TREZORIER:<\/strong> Mariana GRECU<br \/>\nE-mail: marygrecu@gmail.com<br \/>\n<strong>MEMBRU:<\/strong> Ioana COLOSI<br \/>\nE-mail: ioana.colosi@gmail.com<br \/>\n<strong>MEMBRU:<\/strong> Alina \u0218TEFANACHE<br \/>\nE-mail: alinastefro@gmail.com<br \/>\n<strong>COORDONATOR<\/strong><br \/>\n<strong>PROGRAME EMC:<\/strong> Ruxandra MOROTI-CONSTANTINESCU<br \/>\nE-mail: ruxandra_moroti@yahoo.com<\/div>\n<\/div>\n<\/div>\n<\/li>\n<\/ul>\n<\/div>\n<\/div>\n<p><\/p>\n<div style=\"clear:both\">\n<div class=\"woocommerce\">\t\t\t<div class=\"single-product\" data-product-page-preselected-id=\"0\">\n\t\t\t\t<div id=\"product-1727\" class=\"product type-product post-1727 status-publish first instock product_cat-uncategorized has-post-thumbnail virtual sold-individually purchasable product-type-simple\">\n\n\t\n\t<div class=\"summary entry-summary\">\n\t\t\t<\/div>\n\n\t<\/div>\n\n\t\t\t<\/div>\n\t\t\t<\/div><\/div>\n","protected":false},"excerpt":{"rendered":"<p>Membri de onoare Glenn D. Roberts Profesor de Microbiologie \u0219i Medicin\u0103 de laborator Mayo Clinic \u2013 Rochester (Minnesota), SUA Dumitru T. Buiuc Profesor de Microbiologie Universitatea de Medicin\u0103 \u0219i Farmacie Gr. T. Popa \u2013 Ia\u0219i, Romania Consiliul director PRE\u0218EDINTE: Mihai MARE\u0218 E-mail: mihaimares@fungi.ro VICE-PRE\u0218EDINTE: Ingrid Cezara APETREI E-mail: ingridapetrei@gmail.com SECRETAR-GENERAL: Valentin N\u0102STAS\u0102 E-mail: alvali2003@yahoo.com TREZORIER: &hellip; <\/p>\n<p class=\"link-more\"><a href=\"https:\/\/fungi.ro\/ro\/product\/inscriere-membri\/\" class=\"more-link\">Continue reading<span class=\"screen-reader-text\"> &#8220;Inscriere Membri&#8221;<\/span><\/a><\/p>\n","protected":false},"author":1,"featured_media":420,"parent":0,"menu_order":0,"comment_status":"closed","ping_status":"closed","template":"","meta":[],"yoast_head":"<!-- This site is optimized with the Yoast SEO plugin v17.8 - https:\/\/yoast.com\/wordpress\/plugins\/seo\/ -->\n<title>Membri - Fungi.ro<\/title>\n<meta name=\"robots\" content=\"index, follow, max-snippet:-1, max-image-preview:large, max-video-preview:-1\" \/>\n<link rel=\"canonical\" href=\"https:\/\/fungi.ro\/ro\/membri\/\" \/>\n<meta property=\"og:locale\" content=\"en_US\" \/>\n<meta property=\"og:type\" content=\"article\" \/>\n<meta property=\"og:title\" content=\"Membri - Fungi.ro\" \/>\n<meta property=\"og:description\" content=\"Membri de onoare Glenn D. Roberts Profesor de Microbiologie \u0219i Medicin\u0103 de laborator Mayo Clinic \u2013 Rochester (Minnesota), SUA Dumitru T. Buiuc Profesor de Microbiologie Universitatea de Medicin\u0103 \u0219i Farmacie Gr. T. Popa \u2013 Ia\u0219i, Romania Consiliul director PRE\u0218EDINTE: Mihai MARE\u0218 E-mail: mihaimares@fungi.ro VICE-PRE\u0218EDINTE: Ingrid Cezara APETREI E-mail: ingridapetrei@gmail.com SECRETAR-GENERAL: Valentin N\u0102STAS\u0102 E-mail: alvali2003@yahoo.com TREZORIER: &hellip; Continue reading &quot;Inscriere Membri&quot;\" \/>\n<meta property=\"og:url\" content=\"https:\/\/fungi.ro\/ro\/membri\/\" \/>\n<meta property=\"og:site_name\" content=\"Fungi.ro\" \/>\n<meta property=\"article:modified_time\" content=\"2019-11-19T09:32:12+00:00\" \/>\n<meta property=\"og:image\" content=\"https:\/\/fungi.ro\/wp-content\/uploads\/2016\/12\/timthumb.png\" \/>\n\t<meta property=\"og:image:width\" content=\"2000\" \/>\n\t<meta property=\"og:image:height\" content=\"532\" \/>\n<meta name=\"twitter:card\" content=\"summary\" \/>\n<script type=\"application\/ld+json\" class=\"yoast-schema-graph\">{\"@context\":\"https:\/\/schema.org\",\"@graph\":[{\"@type\":\"WebSite\",\"@id\":\"https:\/\/fungi.ro\/ro\/#website\",\"url\":\"https:\/\/fungi.ro\/ro\/\",\"name\":\"Fungi.ro\",\"description\":\"Societatea Rom\\u00e2n\\u0103 de Micologie Medical\\u0103 \\u0219i Micotoxicologie\",\"potentialAction\":[{\"@type\":\"SearchAction\",\"target\":{\"@type\":\"EntryPoint\",\"urlTemplate\":\"https:\/\/fungi.ro\/ro\/?s={search_term_string}\"},\"query-input\":\"required name=search_term_string\"}],\"inLanguage\":\"\"},{\"@type\":\"ImageObject\",\"@id\":\"https:\/\/fungi.ro\/ro\/membri\/#primaryimage\",\"inLanguage\":\"\",\"url\":\"https:\/\/fungi.ro\/wp-content\/uploads\/2016\/12\/timthumb.png\",\"contentUrl\":\"https:\/\/fungi.ro\/wp-content\/uploads\/2016\/12\/timthumb.png\",\"width\":2000,\"height\":532},{\"@type\":\"WebPage\",\"@id\":\"https:\/\/fungi.ro\/ro\/membri\/#webpage\",\"url\":\"https:\/\/fungi.ro\/ro\/membri\/\",\"name\":\"Membri - Fungi.ro\",\"isPartOf\":{\"@id\":\"https:\/\/fungi.ro\/ro\/#website\"},\"primaryImageOfPage\":{\"@id\":\"https:\/\/fungi.ro\/ro\/membri\/#primaryimage\"},\"datePublished\":\"2016-12-13T09:44:54+00:00\",\"dateModified\":\"2019-11-19T09:32:12+00:00\",\"breadcrumb\":{\"@id\":\"https:\/\/fungi.ro\/ro\/membri\/#breadcrumb\"},\"inLanguage\":\"\",\"potentialAction\":[{\"@type\":\"ReadAction\",\"target\":[\"https:\/\/fungi.ro\/ro\/membri\/\"]}]},{\"@type\":\"BreadcrumbList\",\"@id\":\"https:\/\/fungi.ro\/ro\/membri\/#breadcrumb\",\"itemListElement\":[{\"@type\":\"ListItem\",\"position\":1,\"name\":\"Home\",\"item\":\"https:\/\/fungi.ro\/ro\/\"},{\"@type\":\"ListItem\",\"position\":2,\"name\":\"Membri\"}]}]}<\/script>\n<!-- \/ Yoast SEO plugin. -->","yoast_head_json":{"title":"Membri - Fungi.ro","robots":{"index":"index","follow":"follow","max-snippet":"max-snippet:-1","max-image-preview":"max-image-preview:large","max-video-preview":"max-video-preview:-1"},"canonical":"https:\/\/fungi.ro\/ro\/membri\/","og_locale":"en_US","og_type":"article","og_title":"Membri - Fungi.ro","og_description":"Membri de onoare Glenn D. Roberts Profesor de Microbiologie \u0219i Medicin\u0103 de laborator Mayo Clinic \u2013 Rochester (Minnesota), SUA Dumitru T. Buiuc Profesor de Microbiologie Universitatea de Medicin\u0103 \u0219i Farmacie Gr. T. Popa \u2013 Ia\u0219i, Romania Consiliul director PRE\u0218EDINTE: Mihai MARE\u0218 E-mail: mihaimares@fungi.ro VICE-PRE\u0218EDINTE: Ingrid Cezara APETREI E-mail: ingridapetrei@gmail.com SECRETAR-GENERAL: Valentin N\u0102STAS\u0102 E-mail: alvali2003@yahoo.com TREZORIER: &hellip; Continue reading \"Inscriere Membri\"","og_url":"https:\/\/fungi.ro\/ro\/membri\/","og_site_name":"Fungi.ro","article_modified_time":"2019-11-19T09:32:12+00:00","og_image":[{"width":2000,"height":532,"url":"https:\/\/fungi.ro\/wp-content\/uploads\/2016\/12\/timthumb.png","type":"image\/png"}],"twitter_card":"summary","schema":{"@context":"https:\/\/schema.org","@graph":[{"@type":"WebSite","@id":"https:\/\/fungi.ro\/ro\/#website","url":"https:\/\/fungi.ro\/ro\/","name":"Fungi.ro","description":"Societatea Rom\u00e2n\u0103 de Micologie Medical\u0103 \u0219i Micotoxicologie","potentialAction":[{"@type":"SearchAction","target":{"@type":"EntryPoint","urlTemplate":"https:\/\/fungi.ro\/ro\/?s={search_term_string}"},"query-input":"required name=search_term_string"}],"inLanguage":""},{"@type":"ImageObject","@id":"https:\/\/fungi.ro\/ro\/membri\/#primaryimage","inLanguage":"","url":"https:\/\/fungi.ro\/wp-content\/uploads\/2016\/12\/timthumb.png","contentUrl":"https:\/\/fungi.ro\/wp-content\/uploads\/2016\/12\/timthumb.png","width":2000,"height":532},{"@type":"WebPage","@id":"https:\/\/fungi.ro\/ro\/membri\/#webpage","url":"https:\/\/fungi.ro\/ro\/membri\/","name":"Membri - Fungi.ro","isPartOf":{"@id":"https:\/\/fungi.ro\/ro\/#website"},"primaryImageOfPage":{"@id":"https:\/\/fungi.ro\/ro\/membri\/#primaryimage"},"datePublished":"2016-12-13T09:44:54+00:00","dateModified":"2019-11-19T09:32:12+00:00","breadcrumb":{"@id":"https:\/\/fungi.ro\/ro\/membri\/#breadcrumb"},"inLanguage":"","potentialAction":[{"@type":"ReadAction","target":["https:\/\/fungi.ro\/ro\/membri\/"]}]},{"@type":"BreadcrumbList","@id":"https:\/\/fungi.ro\/ro\/membri\/#breadcrumb","itemListElement":[{"@type":"ListItem","position":1,"name":"Home","item":"https:\/\/fungi.ro\/ro\/"},{"@type":"ListItem","position":2,"name":"Membri"}]}]}},"_links":{"self":[{"href":"https:\/\/fungi.ro\/ro\/wp-json\/wp\/v2\/pages\/43"}],"collection":[{"href":"https:\/\/fungi.ro\/ro\/wp-json\/wp\/v2\/pages"}],"about":[{"href":"https:\/\/fungi.ro\/ro\/wp-json\/wp\/v2\/types\/page"}],"author":[{"embeddable":true,"href":"https:\/\/fungi.ro\/ro\/wp-json\/wp\/v2\/users\/1"}],"replies":[{"embeddable":true,"href":"https:\/\/fungi.ro\/ro\/wp-json\/wp\/v2\/comments?post=43"}],"version-history":[{"count":41,"href":"https:\/\/fungi.ro\/ro\/wp-json\/wp\/v2\/pages\/43\/revisions"}],"predecessor-version":[{"id":1830,"href":"https:\/\/fungi.ro\/ro\/wp-json\/wp\/v2\/pages\/43\/revisions\/1830"}],"wp:featuredmedia":[{"embeddable":true,"href":"https:\/\/fungi.ro\/ro\/wp-json\/wp\/v2\/media\/420"}],"wp:attachment":[{"href":"https:\/\/fungi.ro\/ro\/wp-json\/wp\/v2\/media?parent=43"}],"curies":[{"name":"wp","href":"https:\/\/api.w.org\/{rel}","templated":true}]}}