{"id":49,"date":"2016-12-13T09:45:39","date_gmt":"2016-12-13T09:45:39","guid":{"rendered":"http:\/\/localhost\/wordpress\/?page_id=49"},"modified":"2026-04-05T14:48:23","modified_gmt":"2026-04-05T12:48:23","slug":"link-uri-utile","status":"publish","type":"page","link":"https:\/\/fungi.ro\/ro\/link-uri-utile\/","title":{"rendered":"Link-uri utile"},"content":{"rendered":"<div style=\"text-align: left; font-size: 14px; float: left;\">\n<ul style=\"margin: 0; padding-left: 20px; line-height: 3;\">\n<li><a href=\"http:\/\/www.escmid.org\/\">ESCMID<\/a><\/li>\n<li><a href=\"http:\/\/www.isham.org\/\">ISHAM<\/a><\/li>\n<li><a href=\"http:\/\/www.ecmm.eu\">ECMM<\/a><\/li>\n<li><a href=\"http:\/\/www.iums.org\/\">IUMS<\/a><\/li>\n<li><a href=\"http:\/\/www.doctorfungus.org\">Doctor Fungus<\/a><\/li>\n<li><a href=\"http:\/\/www.mycology.adelaide.edu.au\/\">Mycology online<\/a><\/li>\n<li><a href=\"http:\/\/www.aspergillus.org.uk\/\">The Aspergillus website<\/a><\/li>\n<li><a href=\"http:\/\/www.cbs.knaw.nl\/\">CBS<\/a><\/li>\n<li><a href=\"http:\/\/www.pasteur.fr\/ip\/easysite\/pasteur\/en\">Institut Pasteur<\/a><\/li>\n<li><a href=\"http:\/\/www.escmid.org\/research_projects\/study_groups\/biofilms\/\">ESGB<\/a><\/li>\n<li><a href=\"http:\/\/www.veterinarymycology.org\/\">Veterinary Mycology<\/a><\/li>\n<li><a href=\"http:\/\/www.veterinarypharmacon.com\/\">Veterinary Pharmacon<\/a><\/li>\n<\/ul>\n<\/div>\n<div style=\"clear: both;\"><\/div>\n","protected":false},"excerpt":{"rendered":"<p>ESCMID ISHAM ECMM IUMS Doctor Fungus Mycology online The Aspergillus website CBS Institut Pasteur ESGB Veterinary Mycology Veterinary Pharmacon<\/p>\n","protected":false},"author":1,"featured_media":417,"parent":0,"menu_order":0,"comment_status":"closed","ping_status":"closed","template":"","meta":[],"yoast_head":"<!-- This site is optimized with the Yoast SEO plugin v17.8 - https:\/\/yoast.com\/wordpress\/plugins\/seo\/ -->\n<title>Link-uri utile - Fungi.ro<\/title>\n<meta name=\"robots\" content=\"index, follow, max-snippet:-1, max-image-preview:large, max-video-preview:-1\" \/>\n<link rel=\"canonical\" href=\"https:\/\/fungi.ro\/ro\/link-uri-utile\/\" \/>\n<meta property=\"og:locale\" content=\"en_US\" \/>\n<meta property=\"og:type\" content=\"article\" \/>\n<meta property=\"og:title\" content=\"Link-uri utile - Fungi.ro\" \/>\n<meta property=\"og:description\" content=\"ESCMID ISHAM ECMM IUMS Doctor Fungus Mycology online The Aspergillus website CBS Institut Pasteur ESGB Veterinary Mycology Veterinary Pharmacon\" \/>\n<meta property=\"og:url\" content=\"https:\/\/fungi.ro\/ro\/link-uri-utile\/\" \/>\n<meta property=\"og:site_name\" content=\"Fungi.ro\" \/>\n<meta property=\"article:modified_time\" content=\"2026-04-05T12:48:23+00:00\" \/>\n<meta property=\"og:image\" content=\"https:\/\/fungi.ro\/wp-content\/uploads\/2016\/12\/usefullinks-banner.png\" \/>\n\t<meta property=\"og:image:width\" content=\"2000\" \/>\n\t<meta property=\"og:image:height\" content=\"667\" \/>\n<meta name=\"twitter:card\" content=\"summary\" \/>\n<script type=\"application\/ld+json\" class=\"yoast-schema-graph\">{\"@context\":\"https:\/\/schema.org\",\"@graph\":[{\"@type\":\"WebSite\",\"@id\":\"https:\/\/fungi.ro\/ro\/#website\",\"url\":\"https:\/\/fungi.ro\/ro\/\",\"name\":\"Fungi.ro\",\"description\":\"Societatea Rom\\u00e2n\\u0103 de Micologie Medical\\u0103 \\u0219i Micotoxicologie\",\"potentialAction\":[{\"@type\":\"SearchAction\",\"target\":{\"@type\":\"EntryPoint\",\"urlTemplate\":\"https:\/\/fungi.ro\/ro\/?s={search_term_string}\"},\"query-input\":\"required name=search_term_string\"}],\"inLanguage\":\"\"},{\"@type\":\"ImageObject\",\"@id\":\"https:\/\/fungi.ro\/ro\/link-uri-utile\/#primaryimage\",\"inLanguage\":\"\",\"url\":\"https:\/\/fungi.ro\/wp-content\/uploads\/2016\/12\/usefullinks-banner.png\",\"contentUrl\":\"https:\/\/fungi.ro\/wp-content\/uploads\/2016\/12\/usefullinks-banner.png\",\"width\":2000,\"height\":667},{\"@type\":\"WebPage\",\"@id\":\"https:\/\/fungi.ro\/ro\/link-uri-utile\/#webpage\",\"url\":\"https:\/\/fungi.ro\/ro\/link-uri-utile\/\",\"name\":\"Link-uri utile - Fungi.ro\",\"isPartOf\":{\"@id\":\"https:\/\/fungi.ro\/ro\/#website\"},\"primaryImageOfPage\":{\"@id\":\"https:\/\/fungi.ro\/ro\/link-uri-utile\/#primaryimage\"},\"datePublished\":\"2016-12-13T09:45:39+00:00\",\"dateModified\":\"2026-04-05T12:48:23+00:00\",\"breadcrumb\":{\"@id\":\"https:\/\/fungi.ro\/ro\/link-uri-utile\/#breadcrumb\"},\"inLanguage\":\"\",\"potentialAction\":[{\"@type\":\"ReadAction\",\"target\":[\"https:\/\/fungi.ro\/ro\/link-uri-utile\/\"]}]},{\"@type\":\"BreadcrumbList\",\"@id\":\"https:\/\/fungi.ro\/ro\/link-uri-utile\/#breadcrumb\",\"itemListElement\":[{\"@type\":\"ListItem\",\"position\":1,\"name\":\"Home\",\"item\":\"https:\/\/fungi.ro\/ro\/\"},{\"@type\":\"ListItem\",\"position\":2,\"name\":\"Link-uri utile\"}]}]}<\/script>\n<!-- \/ Yoast SEO plugin. -->","yoast_head_json":{"title":"Link-uri utile - Fungi.ro","robots":{"index":"index","follow":"follow","max-snippet":"max-snippet:-1","max-image-preview":"max-image-preview:large","max-video-preview":"max-video-preview:-1"},"canonical":"https:\/\/fungi.ro\/ro\/link-uri-utile\/","og_locale":"en_US","og_type":"article","og_title":"Link-uri utile - Fungi.ro","og_description":"ESCMID ISHAM ECMM IUMS Doctor Fungus Mycology online The Aspergillus website CBS Institut Pasteur ESGB Veterinary Mycology Veterinary Pharmacon","og_url":"https:\/\/fungi.ro\/ro\/link-uri-utile\/","og_site_name":"Fungi.ro","article_modified_time":"2026-04-05T12:48:23+00:00","og_image":[{"width":2000,"height":667,"url":"https:\/\/fungi.ro\/wp-content\/uploads\/2016\/12\/usefullinks-banner.png","type":"image\/png"}],"twitter_card":"summary","schema":{"@context":"https:\/\/schema.org","@graph":[{"@type":"WebSite","@id":"https:\/\/fungi.ro\/ro\/#website","url":"https:\/\/fungi.ro\/ro\/","name":"Fungi.ro","description":"Societatea Rom\u00e2n\u0103 de Micologie Medical\u0103 \u0219i Micotoxicologie","potentialAction":[{"@type":"SearchAction","target":{"@type":"EntryPoint","urlTemplate":"https:\/\/fungi.ro\/ro\/?s={search_term_string}"},"query-input":"required name=search_term_string"}],"inLanguage":""},{"@type":"ImageObject","@id":"https:\/\/fungi.ro\/ro\/link-uri-utile\/#primaryimage","inLanguage":"","url":"https:\/\/fungi.ro\/wp-content\/uploads\/2016\/12\/usefullinks-banner.png","contentUrl":"https:\/\/fungi.ro\/wp-content\/uploads\/2016\/12\/usefullinks-banner.png","width":2000,"height":667},{"@type":"WebPage","@id":"https:\/\/fungi.ro\/ro\/link-uri-utile\/#webpage","url":"https:\/\/fungi.ro\/ro\/link-uri-utile\/","name":"Link-uri utile - Fungi.ro","isPartOf":{"@id":"https:\/\/fungi.ro\/ro\/#website"},"primaryImageOfPage":{"@id":"https:\/\/fungi.ro\/ro\/link-uri-utile\/#primaryimage"},"datePublished":"2016-12-13T09:45:39+00:00","dateModified":"2026-04-05T12:48:23+00:00","breadcrumb":{"@id":"https:\/\/fungi.ro\/ro\/link-uri-utile\/#breadcrumb"},"inLanguage":"","potentialAction":[{"@type":"ReadAction","target":["https:\/\/fungi.ro\/ro\/link-uri-utile\/"]}]},{"@type":"BreadcrumbList","@id":"https:\/\/fungi.ro\/ro\/link-uri-utile\/#breadcrumb","itemListElement":[{"@type":"ListItem","position":1,"name":"Home","item":"https:\/\/fungi.ro\/ro\/"},{"@type":"ListItem","position":2,"name":"Link-uri utile"}]}]}},"_links":{"self":[{"href":"https:\/\/fungi.ro\/ro\/wp-json\/wp\/v2\/pages\/49"}],"collection":[{"href":"https:\/\/fungi.ro\/ro\/wp-json\/wp\/v2\/pages"}],"about":[{"href":"https:\/\/fungi.ro\/ro\/wp-json\/wp\/v2\/types\/page"}],"author":[{"embeddable":true,"href":"https:\/\/fungi.ro\/ro\/wp-json\/wp\/v2\/users\/1"}],"replies":[{"embeddable":true,"href":"https:\/\/fungi.ro\/ro\/wp-json\/wp\/v2\/comments?post=49"}],"version-history":[{"count":23,"href":"https:\/\/fungi.ro\/ro\/wp-json\/wp\/v2\/pages\/49\/revisions"}],"predecessor-version":[{"id":4698,"href":"https:\/\/fungi.ro\/ro\/wp-json\/wp\/v2\/pages\/49\/revisions\/4698"}],"wp:featuredmedia":[{"embeddable":true,"href":"https:\/\/fungi.ro\/ro\/wp-json\/wp\/v2\/media\/417"}],"wp:attachment":[{"href":"https:\/\/fungi.ro\/ro\/wp-json\/wp\/v2\/media?parent=49"}],"curies":[{"name":"wp","href":"https:\/\/api.w.org\/{rel}","templated":true}]}}