{"id":51,"date":"2016-12-13T09:45:51","date_gmt":"2016-12-13T09:45:51","guid":{"rendered":"http:\/\/localhost\/wordpress\/?page_id=51"},"modified":"2017-04-18T18:56:20","modified_gmt":"2017-04-18T16:56:20","slug":"parteneri","status":"publish","type":"page","link":"https:\/\/fungi.ro\/ro\/parteneri\/","title":{"rendered":"Parteneri"},"content":{"rendered":"<div style=\"text-align:justify; text-indent:30px; font-size:14px\">\n<ul>\n<li>\n<a href=\"http:\/\/www.gaffi.org\/\">Global Action Fund for Fungal Infections (GAFFI)<\/a>\n<\/li>\n<\/p>\n<p><\/p>\n<li>\n<a href=\"http:\/\/www.life-worldwide.org\/\">Leading International Fungal Education (LIFE)<\/a>\n<\/li>\n<\/p>\n<p><\/p>\n<li>\n<a href=\"http:\/\/www.rtcc.ro\">Colec\u021bia Rom\u00e2n\u0103 de Culturi Tip<\/a>\n<\/li>\n<\/p>\n<p><\/p>\n<\/p>\n<li>\n<a href=\"http:\/\/www.rrml.ro\/\">RRML<\/a>\n<\/li>\n<\/p>\n<p><\/p>\n<\/p>\n<li>\n<a href=\"http:\/\/www.medevents.ro\/\">MedEvents<\/a>\n<\/li>\n<\/p>\n<p><\/p>\n<\/p>\n<li>\n<a href=\"http:\/\/www.paginamedicala.ro\/\">PaginaMedicala.ro<\/a>\n<\/li>\n<\/ul>\n<p><\/p>\n<\/div>\n","protected":false},"excerpt":{"rendered":"<p>Global Action Fund for Fungal Infections (GAFFI) Leading International Fungal Education (LIFE) Colec\u021bia Rom\u00e2n\u0103 de Culturi Tip RRML MedEvents PaginaMedicala.ro<\/p>\n","protected":false},"author":1,"featured_media":328,"parent":0,"menu_order":0,"comment_status":"closed","ping_status":"closed","template":"","meta":[],"yoast_head":"<!-- This site is optimized with the Yoast SEO plugin v17.8 - https:\/\/yoast.com\/wordpress\/plugins\/seo\/ -->\n<title>Fungi.ro - Societatea Rom\u00e2n\u0103 de Micologie Medical\u0103 \u0219i Micotoxicologie - Parteneri<\/title>\n<meta name=\"robots\" content=\"index, follow, max-snippet:-1, max-image-preview:large, max-video-preview:-1\" \/>\n<link rel=\"canonical\" href=\"https:\/\/fungi.ro\/ro\/parteneri\/\" \/>\n<meta property=\"og:locale\" content=\"en_US\" \/>\n<meta property=\"og:type\" content=\"article\" \/>\n<meta property=\"og:title\" content=\"Fungi.ro - Societatea Rom\u00e2n\u0103 de Micologie Medical\u0103 \u0219i Micotoxicologie - Parteneri\" \/>\n<meta property=\"og:description\" content=\"Global Action Fund for Fungal Infections (GAFFI) Leading International Fungal Education (LIFE) Colec\u021bia Rom\u00e2n\u0103 de Culturi Tip RRML MedEvents PaginaMedicala.ro\" \/>\n<meta property=\"og:url\" content=\"https:\/\/fungi.ro\/ro\/parteneri\/\" \/>\n<meta property=\"og:site_name\" content=\"Fungi.ro\" \/>\n<meta property=\"article:modified_time\" content=\"2017-04-18T16:56:20+00:00\" \/>\n<meta property=\"og:image\" content=\"https:\/\/fungi.ro\/wp-content\/uploads\/2016\/12\/20141119201110_our-partners-1.jpg\" \/>\n\t<meta property=\"og:image:width\" content=\"2500\" \/>\n\t<meta property=\"og:image:height\" content=\"995\" \/>\n<meta name=\"twitter:card\" content=\"summary\" \/>\n<script type=\"application\/ld+json\" class=\"yoast-schema-graph\">{\"@context\":\"https:\/\/schema.org\",\"@graph\":[{\"@type\":\"WebSite\",\"@id\":\"https:\/\/fungi.ro\/ro\/#website\",\"url\":\"https:\/\/fungi.ro\/ro\/\",\"name\":\"Fungi.ro\",\"description\":\"Societatea Rom\\u00e2n\\u0103 de Micologie Medical\\u0103 \\u0219i Micotoxicologie\",\"potentialAction\":[{\"@type\":\"SearchAction\",\"target\":{\"@type\":\"EntryPoint\",\"urlTemplate\":\"https:\/\/fungi.ro\/ro\/?s={search_term_string}\"},\"query-input\":\"required name=search_term_string\"}],\"inLanguage\":\"\"},{\"@type\":\"ImageObject\",\"@id\":\"https:\/\/fungi.ro\/ro\/parteneri\/#primaryimage\",\"inLanguage\":\"\",\"url\":\"https:\/\/fungi.ro\/wp-content\/uploads\/2016\/12\/20141119201110_our-partners-1.jpg\",\"contentUrl\":\"https:\/\/fungi.ro\/wp-content\/uploads\/2016\/12\/20141119201110_our-partners-1.jpg\",\"width\":2500,\"height\":995},{\"@type\":\"WebPage\",\"@id\":\"https:\/\/fungi.ro\/ro\/parteneri\/#webpage\",\"url\":\"https:\/\/fungi.ro\/ro\/parteneri\/\",\"name\":\"Fungi.ro - Societatea Rom\\u00e2n\\u0103 de Micologie Medical\\u0103 \\u0219i Micotoxicologie - Parteneri\",\"isPartOf\":{\"@id\":\"https:\/\/fungi.ro\/ro\/#website\"},\"primaryImageOfPage\":{\"@id\":\"https:\/\/fungi.ro\/ro\/parteneri\/#primaryimage\"},\"datePublished\":\"2016-12-13T09:45:51+00:00\",\"dateModified\":\"2017-04-18T16:56:20+00:00\",\"breadcrumb\":{\"@id\":\"https:\/\/fungi.ro\/ro\/parteneri\/#breadcrumb\"},\"inLanguage\":\"\",\"potentialAction\":[{\"@type\":\"ReadAction\",\"target\":[\"https:\/\/fungi.ro\/ro\/parteneri\/\"]}]},{\"@type\":\"BreadcrumbList\",\"@id\":\"https:\/\/fungi.ro\/ro\/parteneri\/#breadcrumb\",\"itemListElement\":[{\"@type\":\"ListItem\",\"position\":1,\"name\":\"Home\",\"item\":\"https:\/\/fungi.ro\/ro\/\"},{\"@type\":\"ListItem\",\"position\":2,\"name\":\"Parteneri\"}]}]}<\/script>\n<!-- \/ Yoast SEO plugin. -->","yoast_head_json":{"title":"Fungi.ro - Societatea Rom\u00e2n\u0103 de Micologie Medical\u0103 \u0219i Micotoxicologie - Parteneri","robots":{"index":"index","follow":"follow","max-snippet":"max-snippet:-1","max-image-preview":"max-image-preview:large","max-video-preview":"max-video-preview:-1"},"canonical":"https:\/\/fungi.ro\/ro\/parteneri\/","og_locale":"en_US","og_type":"article","og_title":"Fungi.ro - Societatea Rom\u00e2n\u0103 de Micologie Medical\u0103 \u0219i Micotoxicologie - Parteneri","og_description":"Global Action Fund for Fungal Infections (GAFFI) Leading International Fungal Education (LIFE) Colec\u021bia Rom\u00e2n\u0103 de Culturi Tip RRML MedEvents PaginaMedicala.ro","og_url":"https:\/\/fungi.ro\/ro\/parteneri\/","og_site_name":"Fungi.ro","article_modified_time":"2017-04-18T16:56:20+00:00","og_image":[{"width":2500,"height":995,"url":"https:\/\/fungi.ro\/wp-content\/uploads\/2016\/12\/20141119201110_our-partners-1.jpg","type":"image\/jpeg"}],"twitter_card":"summary","schema":{"@context":"https:\/\/schema.org","@graph":[{"@type":"WebSite","@id":"https:\/\/fungi.ro\/ro\/#website","url":"https:\/\/fungi.ro\/ro\/","name":"Fungi.ro","description":"Societatea Rom\u00e2n\u0103 de Micologie Medical\u0103 \u0219i Micotoxicologie","potentialAction":[{"@type":"SearchAction","target":{"@type":"EntryPoint","urlTemplate":"https:\/\/fungi.ro\/ro\/?s={search_term_string}"},"query-input":"required name=search_term_string"}],"inLanguage":""},{"@type":"ImageObject","@id":"https:\/\/fungi.ro\/ro\/parteneri\/#primaryimage","inLanguage":"","url":"https:\/\/fungi.ro\/wp-content\/uploads\/2016\/12\/20141119201110_our-partners-1.jpg","contentUrl":"https:\/\/fungi.ro\/wp-content\/uploads\/2016\/12\/20141119201110_our-partners-1.jpg","width":2500,"height":995},{"@type":"WebPage","@id":"https:\/\/fungi.ro\/ro\/parteneri\/#webpage","url":"https:\/\/fungi.ro\/ro\/parteneri\/","name":"Fungi.ro - Societatea Rom\u00e2n\u0103 de Micologie Medical\u0103 \u0219i Micotoxicologie - Parteneri","isPartOf":{"@id":"https:\/\/fungi.ro\/ro\/#website"},"primaryImageOfPage":{"@id":"https:\/\/fungi.ro\/ro\/parteneri\/#primaryimage"},"datePublished":"2016-12-13T09:45:51+00:00","dateModified":"2017-04-18T16:56:20+00:00","breadcrumb":{"@id":"https:\/\/fungi.ro\/ro\/parteneri\/#breadcrumb"},"inLanguage":"","potentialAction":[{"@type":"ReadAction","target":["https:\/\/fungi.ro\/ro\/parteneri\/"]}]},{"@type":"BreadcrumbList","@id":"https:\/\/fungi.ro\/ro\/parteneri\/#breadcrumb","itemListElement":[{"@type":"ListItem","position":1,"name":"Home","item":"https:\/\/fungi.ro\/ro\/"},{"@type":"ListItem","position":2,"name":"Parteneri"}]}]}},"_links":{"self":[{"href":"https:\/\/fungi.ro\/ro\/wp-json\/wp\/v2\/pages\/51"}],"collection":[{"href":"https:\/\/fungi.ro\/ro\/wp-json\/wp\/v2\/pages"}],"about":[{"href":"https:\/\/fungi.ro\/ro\/wp-json\/wp\/v2\/types\/page"}],"author":[{"embeddable":true,"href":"https:\/\/fungi.ro\/ro\/wp-json\/wp\/v2\/users\/1"}],"replies":[{"embeddable":true,"href":"https:\/\/fungi.ro\/ro\/wp-json\/wp\/v2\/comments?post=51"}],"version-history":[{"count":3,"href":"https:\/\/fungi.ro\/ro\/wp-json\/wp\/v2\/pages\/51\/revisions"}],"predecessor-version":[{"id":341,"href":"https:\/\/fungi.ro\/ro\/wp-json\/wp\/v2\/pages\/51\/revisions\/341"}],"wp:featuredmedia":[{"embeddable":true,"href":"https:\/\/fungi.ro\/ro\/wp-json\/wp\/v2\/media\/328"}],"wp:attachment":[{"href":"https:\/\/fungi.ro\/ro\/wp-json\/wp\/v2\/media?parent=51"}],"curies":[{"name":"wp","href":"https:\/\/api.w.org\/{rel}","templated":true}]}}